
{"id":15612,"date":"2024-04-09T20:15:57","date_gmt":"2024-04-09T18:32:36","guid":{"rendered":"https:\/\/www.falgas.com\/?post_type=product&#038;p=15612"},"modified":"2024-10-01T11:19:31","modified_gmt":"2024-10-01T09:19:31","slug":"proton","status":"publish","type":"product","link":"https:\/\/www.falgas.com\/fr\/produit\/proton\/","title":{"rendered":"Proton"},"content":{"rendered":"","protected":false},"excerpt":{"rendered":"<p>\u00b7 Ecran 17\u2033 au ratio 16:9.<\/p>\n<p>\u00b7 Jeu vid\u00e9o comp\u00e9titif pour 1 ou 2 joueurs.<\/p>\n<p>\u00b7 2 ceintures de s\u00e9curit\u00e9.<\/p>\n<p>\u00b7 Jeu de lumi\u00e8res LED.<\/p>\n<p>\u00b7 Son.<\/p>\n<p>\u00b7 Capacit\u00e9 pour 2 utilisateurs.<\/p>\n<p>\u00b7 Peinture haute r\u00e9sistance.<\/p>\n","protected":false},"featured_media":13550,"comment_status":"open","ping_status":"closed","template":"","meta":{"_acf_changed":false},"product_cat":[518,442,448],"product_tag":[496],"class_list":{"0":"post-15612","1":"product","2":"type-product","3":"status-publish","4":"has-post-thumbnail","6":"product_cat-avec-ecran-fr","7":"product_cat-maneges-enfants","8":"product_cat-nouveautes","9":"product_tag-proton-fr","11":"first","12":"instock","13":"shipping-taxable","14":"product-type-simple"},"acf":[],"yoast_head":"<!-- This site is optimized with the Yoast SEO plugin v23.7 - https:\/\/yoast.com\/wordpress\/plugins\/seo\/ -->\n<title>Proton | Falgas<\/title>\n<meta name=\"description\" content=\"Proton : la derni\u00e8re nouveaut\u00e9 de chez Falgas ! Grand jeu pour enfants avec \u00e9cran 17&quot; proposant un jeu vid\u00e9o comp\u00e9titif pour 1 ou 2 joueurs.\" \/>\n<meta name=\"robots\" content=\"index, follow, max-snippet:-1, max-image-preview:large, max-video-preview:-1\" \/>\n<link rel=\"canonical\" href=\"https:\/\/www.falgas.com\/fr\/produit\/proton\/\" \/>\n<meta property=\"og:locale\" content=\"fr_FR\" \/>\n<meta property=\"og:type\" content=\"article\" \/>\n<meta property=\"og:title\" content=\"Proton | Falgas\" \/>\n<meta property=\"og:description\" content=\"Proton : la derni\u00e8re nouveaut\u00e9 de chez Falgas ! Grand jeu pour enfants avec \u00e9cran 17&quot; proposant un jeu vid\u00e9o comp\u00e9titif pour 1 ou 2 joueurs.\" \/>\n<meta property=\"og:url\" content=\"https:\/\/www.falgas.com\/fr\/produit\/proton\/\" \/>\n<meta property=\"og:site_name\" content=\"Falgas\" \/>\n<meta property=\"article:publisher\" content=\"https:\/\/www.facebook.com\/falgascomercial\/\" \/>\n<meta property=\"article:modified_time\" content=\"2024-10-01T09:19:31+00:00\" \/>\n<meta property=\"og:image\" content=\"https:\/\/www.falgas.com\/wp-content\/uploads\/2024\/01\/proton-2.jpg\" \/>\n\t<meta property=\"og:image:width\" content=\"600\" \/>\n\t<meta property=\"og:image:height\" content=\"600\" \/>\n\t<meta property=\"og:image:type\" content=\"image\/jpeg\" \/>\n<meta name=\"twitter:card\" content=\"summary_large_image\" \/>\n<script type=\"application\/ld+json\" class=\"yoast-schema-graph\">{\"@context\":\"https:\/\/schema.org\",\"@graph\":[{\"@type\":\"WebPage\",\"@id\":\"https:\/\/www.falgas.com\/fr\/produit\/proton\/\",\"url\":\"https:\/\/www.falgas.com\/fr\/produit\/proton\/\",\"name\":\"Proton | Falgas\",\"isPartOf\":{\"@id\":\"https:\/\/www.falgas.com\/fr\/#website\"},\"primaryImageOfPage\":{\"@id\":\"https:\/\/www.falgas.com\/fr\/produit\/proton\/#primaryimage\"},\"image\":{\"@id\":\"https:\/\/www.falgas.com\/fr\/produit\/proton\/#primaryimage\"},\"thumbnailUrl\":\"https:\/\/www.falgas.com\/wp-content\/uploads\/2024\/01\/proton-2.jpg\",\"datePublished\":\"2024-04-09T18:32:36+00:00\",\"dateModified\":\"2024-10-01T09:19:31+00:00\",\"description\":\"Proton : la derni\u00e8re nouveaut\u00e9 de chez Falgas ! Grand jeu pour enfants avec \u00e9cran 17\\\" proposant un jeu vid\u00e9o comp\u00e9titif pour 1 ou 2 joueurs.\",\"breadcrumb\":{\"@id\":\"https:\/\/www.falgas.com\/fr\/produit\/proton\/#breadcrumb\"},\"inLanguage\":\"fr-FR\",\"potentialAction\":[{\"@type\":\"ReadAction\",\"target\":[\"https:\/\/www.falgas.com\/fr\/produit\/proton\/\"]}]},{\"@type\":\"ImageObject\",\"inLanguage\":\"fr-FR\",\"@id\":\"https:\/\/www.falgas.com\/fr\/produit\/proton\/#primaryimage\",\"url\":\"https:\/\/www.falgas.com\/wp-content\/uploads\/2024\/01\/proton-2.jpg\",\"contentUrl\":\"https:\/\/www.falgas.com\/wp-content\/uploads\/2024\/01\/proton-2.jpg\",\"width\":600,\"height\":600},{\"@type\":\"BreadcrumbList\",\"@id\":\"https:\/\/www.falgas.com\/fr\/produit\/proton\/#breadcrumb\",\"itemListElement\":[{\"@type\":\"ListItem\",\"position\":1,\"name\":\"Portada\",\"item\":\"https:\/\/www.falgas.com\/fr\/\"},{\"@type\":\"ListItem\",\"position\":2,\"name\":\"Produits\",\"item\":\"https:\/\/www.falgas.com\/productos\/\"},{\"@type\":\"ListItem\",\"position\":3,\"name\":\"Proton\"}]},{\"@type\":\"WebSite\",\"@id\":\"https:\/\/www.falgas.com\/fr\/#website\",\"url\":\"https:\/\/www.falgas.com\/fr\/\",\"name\":\"Falgas\",\"description\":\"Falgas Amusement Rides\",\"potentialAction\":[{\"@type\":\"SearchAction\",\"target\":{\"@type\":\"EntryPoint\",\"urlTemplate\":\"https:\/\/www.falgas.com\/fr\/?s={search_term_string}\"},\"query-input\":{\"@type\":\"PropertyValueSpecification\",\"valueRequired\":true,\"valueName\":\"search_term_string\"}}],\"inLanguage\":\"fr-FR\"}]}<\/script>\n<!-- \/ Yoast SEO plugin. -->","yoast_head_json":{"title":"Proton | Falgas","description":"Proton : la derni\u00e8re nouveaut\u00e9 de chez Falgas ! Grand jeu pour enfants avec \u00e9cran 17\" proposant un jeu vid\u00e9o comp\u00e9titif pour 1 ou 2 joueurs.","robots":{"index":"index","follow":"follow","max-snippet":"max-snippet:-1","max-image-preview":"max-image-preview:large","max-video-preview":"max-video-preview:-1"},"canonical":"https:\/\/www.falgas.com\/fr\/produit\/proton\/","og_locale":"fr_FR","og_type":"article","og_title":"Proton | Falgas","og_description":"Proton : la derni\u00e8re nouveaut\u00e9 de chez Falgas ! Grand jeu pour enfants avec \u00e9cran 17\" proposant un jeu vid\u00e9o comp\u00e9titif pour 1 ou 2 joueurs.","og_url":"https:\/\/www.falgas.com\/fr\/produit\/proton\/","og_site_name":"Falgas","article_publisher":"https:\/\/www.facebook.com\/falgascomercial\/","article_modified_time":"2024-10-01T09:19:31+00:00","og_image":[{"width":600,"height":600,"url":"https:\/\/www.falgas.com\/wp-content\/uploads\/2024\/01\/proton-2.jpg","type":"image\/jpeg"}],"twitter_card":"summary_large_image","schema":{"@context":"https:\/\/schema.org","@graph":[{"@type":"WebPage","@id":"https:\/\/www.falgas.com\/fr\/produit\/proton\/","url":"https:\/\/www.falgas.com\/fr\/produit\/proton\/","name":"Proton | Falgas","isPartOf":{"@id":"https:\/\/www.falgas.com\/fr\/#website"},"primaryImageOfPage":{"@id":"https:\/\/www.falgas.com\/fr\/produit\/proton\/#primaryimage"},"image":{"@id":"https:\/\/www.falgas.com\/fr\/produit\/proton\/#primaryimage"},"thumbnailUrl":"https:\/\/www.falgas.com\/wp-content\/uploads\/2024\/01\/proton-2.jpg","datePublished":"2024-04-09T18:32:36+00:00","dateModified":"2024-10-01T09:19:31+00:00","description":"Proton : la derni\u00e8re nouveaut\u00e9 de chez Falgas ! Grand jeu pour enfants avec \u00e9cran 17\" proposant un jeu vid\u00e9o comp\u00e9titif pour 1 ou 2 joueurs.","breadcrumb":{"@id":"https:\/\/www.falgas.com\/fr\/produit\/proton\/#breadcrumb"},"inLanguage":"fr-FR","potentialAction":[{"@type":"ReadAction","target":["https:\/\/www.falgas.com\/fr\/produit\/proton\/"]}]},{"@type":"ImageObject","inLanguage":"fr-FR","@id":"https:\/\/www.falgas.com\/fr\/produit\/proton\/#primaryimage","url":"https:\/\/www.falgas.com\/wp-content\/uploads\/2024\/01\/proton-2.jpg","contentUrl":"https:\/\/www.falgas.com\/wp-content\/uploads\/2024\/01\/proton-2.jpg","width":600,"height":600},{"@type":"BreadcrumbList","@id":"https:\/\/www.falgas.com\/fr\/produit\/proton\/#breadcrumb","itemListElement":[{"@type":"ListItem","position":1,"name":"Portada","item":"https:\/\/www.falgas.com\/fr\/"},{"@type":"ListItem","position":2,"name":"Produits","item":"https:\/\/www.falgas.com\/productos\/"},{"@type":"ListItem","position":3,"name":"Proton"}]},{"@type":"WebSite","@id":"https:\/\/www.falgas.com\/fr\/#website","url":"https:\/\/www.falgas.com\/fr\/","name":"Falgas","description":"Falgas Amusement Rides","potentialAction":[{"@type":"SearchAction","target":{"@type":"EntryPoint","urlTemplate":"https:\/\/www.falgas.com\/fr\/?s={search_term_string}"},"query-input":{"@type":"PropertyValueSpecification","valueRequired":true,"valueName":"search_term_string"}}],"inLanguage":"fr-FR"}]}},"_links":{"self":[{"href":"https:\/\/www.falgas.com\/fr\/wp-json\/wp\/v2\/product\/15612"}],"collection":[{"href":"https:\/\/www.falgas.com\/fr\/wp-json\/wp\/v2\/product"}],"about":[{"href":"https:\/\/www.falgas.com\/fr\/wp-json\/wp\/v2\/types\/product"}],"replies":[{"embeddable":true,"href":"https:\/\/www.falgas.com\/fr\/wp-json\/wp\/v2\/comments?post=15612"}],"wp:featuredmedia":[{"embeddable":true,"href":"https:\/\/www.falgas.com\/fr\/wp-json\/wp\/v2\/media\/13550"}],"wp:attachment":[{"href":"https:\/\/www.falgas.com\/fr\/wp-json\/wp\/v2\/media?parent=15612"}],"wp:term":[{"taxonomy":"product_cat","embeddable":true,"href":"https:\/\/www.falgas.com\/fr\/wp-json\/wp\/v2\/product_cat?post=15612"},{"taxonomy":"product_tag","embeddable":true,"href":"https:\/\/www.falgas.com\/fr\/wp-json\/wp\/v2\/product_tag?post=15612"}],"curies":[{"name":"wp","href":"https:\/\/api.w.org\/{rel}","templated":true}]}}