
{"id":15093,"date":"2024-02-28T12:57:12","date_gmt":"2024-02-28T15:35:10","guid":{"rendered":"https:\/\/www.falgas.com\/producto\/mini-autos-tamponneuses\/"},"modified":"2024-02-28T16:35:15","modified_gmt":"2024-02-28T15:35:15","slug":"mini-autos-tamponneuses","status":"publish","type":"product","link":"https:\/\/www.falgas.com\/fr\/produit\/mini-autos-tamponneuses\/","title":{"rendered":"Mini Autos tamponneuses"},"content":{"rendered":"","protected":false},"excerpt":{"rendered":"<p>Attraction pour les enfants de plus de 6 ans.<\/p>\n<p>&#8211; Installation \u00e0 l&rsquo;ext\u00e9rieur et \u00e0 l&rsquo;int\u00e9rieur sur du ciment, de l&rsquo;asphalte ou des surfaces planes.<br \/>\n&#8211; 1 place pour les enfants.<br \/>\n&#8211; Monnayeur.<br \/>\n&#8211; 1 vitesse, jusqu&rsquo;\u00e0 un maximum de 10km\/h (6mph).<br \/>\n&#8211; Batteries d&rsquo;une autonomie de 4-8 h, rechargeables apr\u00e8s 6 heures.<br \/>\n&#8211; P\u00e9dale d&rsquo;acc\u00e9l\u00e9ration et capteur d&rsquo;arr\u00eat.<br \/>\n&#8211; Capteur frontal pour \u00e9viter les collisions.<\/p>\n","protected":false},"featured_media":6521,"comment_status":"open","ping_status":"closed","template":"","meta":{"_acf_changed":false},"product_cat":[430,425],"product_tag":[],"class_list":{"0":"post-15093","1":"product","2":"type-product","3":"status-publish","4":"has-post-thumbnail","6":"product_cat-autos-tamponneuses-fr","7":"product_cat-voitures-motos-batterie","9":"first","10":"instock","11":"product-type-simple"},"acf":[],"yoast_head":"<!-- This site is optimized with the Yoast SEO plugin v23.7 - https:\/\/yoast.com\/wordpress\/plugins\/seo\/ -->\n<title>Mini Autos tamponneuses | Falgas<\/title>\n<meta name=\"robots\" content=\"index, follow, max-snippet:-1, max-image-preview:large, max-video-preview:-1\" \/>\n<link rel=\"canonical\" href=\"https:\/\/www.falgas.com\/fr\/produit\/mini-autos-tamponneuses\/\" \/>\n<meta property=\"og:locale\" content=\"fr_FR\" \/>\n<meta property=\"og:type\" content=\"article\" \/>\n<meta property=\"og:title\" content=\"Mini Autos tamponneuses | Falgas\" \/>\n<meta property=\"og:description\" content=\"Attraction pour les enfants de plus de 6 ans. - Installation \u00e0 l&#039;ext\u00e9rieur et \u00e0 l&#039;int\u00e9rieur sur du ciment, de l&#039;asphalte ou des surfaces planes. - 1 place pour les enfants. - Monnayeur. - 1 vitesse, jusqu&#039;\u00e0 un maximum de 10km\/h (6mph). - Batteries d&#039;une autonomie de 4-8 h, rechargeables apr\u00e8s 6 heures. - P\u00e9dale d&#039;acc\u00e9l\u00e9ration et capteur d&#039;arr\u00eat. - Capteur frontal pour \u00e9viter les collisions.\" \/>\n<meta property=\"og:url\" content=\"https:\/\/www.falgas.com\/fr\/produit\/mini-autos-tamponneuses\/\" \/>\n<meta property=\"og:site_name\" content=\"Falgas\" \/>\n<meta property=\"article:publisher\" content=\"https:\/\/www.facebook.com\/falgascomercial\/\" \/>\n<meta property=\"article:modified_time\" content=\"2024-02-28T15:35:15+00:00\" \/>\n<meta property=\"og:image\" content=\"https:\/\/www.falgas.com\/wp-content\/uploads\/2023\/04\/mini.jpg\" \/>\n\t<meta property=\"og:image:width\" content=\"704\" \/>\n\t<meta property=\"og:image:height\" content=\"640\" \/>\n\t<meta property=\"og:image:type\" content=\"image\/jpeg\" \/>\n<meta name=\"twitter:card\" content=\"summary_large_image\" \/>\n<script type=\"application\/ld+json\" class=\"yoast-schema-graph\">{\"@context\":\"https:\/\/schema.org\",\"@graph\":[{\"@type\":\"WebPage\",\"@id\":\"https:\/\/www.falgas.com\/fr\/produit\/mini-autos-tamponneuses\/\",\"url\":\"https:\/\/www.falgas.com\/fr\/produit\/mini-autos-tamponneuses\/\",\"name\":\"Mini Autos tamponneuses | Falgas\",\"isPartOf\":{\"@id\":\"https:\/\/www.falgas.com\/fr\/#website\"},\"primaryImageOfPage\":{\"@id\":\"https:\/\/www.falgas.com\/fr\/produit\/mini-autos-tamponneuses\/#primaryimage\"},\"image\":{\"@id\":\"https:\/\/www.falgas.com\/fr\/produit\/mini-autos-tamponneuses\/#primaryimage\"},\"thumbnailUrl\":\"https:\/\/www.falgas.com\/wp-content\/uploads\/2023\/04\/mini.jpg\",\"datePublished\":\"2024-02-28T15:35:10+00:00\",\"dateModified\":\"2024-02-28T15:35:15+00:00\",\"breadcrumb\":{\"@id\":\"https:\/\/www.falgas.com\/fr\/produit\/mini-autos-tamponneuses\/#breadcrumb\"},\"inLanguage\":\"fr-FR\",\"potentialAction\":[{\"@type\":\"ReadAction\",\"target\":[\"https:\/\/www.falgas.com\/fr\/produit\/mini-autos-tamponneuses\/\"]}]},{\"@type\":\"ImageObject\",\"inLanguage\":\"fr-FR\",\"@id\":\"https:\/\/www.falgas.com\/fr\/produit\/mini-autos-tamponneuses\/#primaryimage\",\"url\":\"https:\/\/www.falgas.com\/wp-content\/uploads\/2023\/04\/mini.jpg\",\"contentUrl\":\"https:\/\/www.falgas.com\/wp-content\/uploads\/2023\/04\/mini.jpg\",\"width\":704,\"height\":640},{\"@type\":\"BreadcrumbList\",\"@id\":\"https:\/\/www.falgas.com\/fr\/produit\/mini-autos-tamponneuses\/#breadcrumb\",\"itemListElement\":[{\"@type\":\"ListItem\",\"position\":1,\"name\":\"Portada\",\"item\":\"https:\/\/www.falgas.com\/fr\/\"},{\"@type\":\"ListItem\",\"position\":2,\"name\":\"Produits\",\"item\":\"https:\/\/www.falgas.com\/productos\/\"},{\"@type\":\"ListItem\",\"position\":3,\"name\":\"Mini Autos tamponneuses\"}]},{\"@type\":\"WebSite\",\"@id\":\"https:\/\/www.falgas.com\/fr\/#website\",\"url\":\"https:\/\/www.falgas.com\/fr\/\",\"name\":\"Falgas\",\"description\":\"Falgas Amusement Rides\",\"potentialAction\":[{\"@type\":\"SearchAction\",\"target\":{\"@type\":\"EntryPoint\",\"urlTemplate\":\"https:\/\/www.falgas.com\/fr\/?s={search_term_string}\"},\"query-input\":{\"@type\":\"PropertyValueSpecification\",\"valueRequired\":true,\"valueName\":\"search_term_string\"}}],\"inLanguage\":\"fr-FR\"}]}<\/script>\n<!-- \/ Yoast SEO plugin. -->","yoast_head_json":{"title":"Mini Autos tamponneuses | Falgas","robots":{"index":"index","follow":"follow","max-snippet":"max-snippet:-1","max-image-preview":"max-image-preview:large","max-video-preview":"max-video-preview:-1"},"canonical":"https:\/\/www.falgas.com\/fr\/produit\/mini-autos-tamponneuses\/","og_locale":"fr_FR","og_type":"article","og_title":"Mini Autos tamponneuses | Falgas","og_description":"Attraction pour les enfants de plus de 6 ans. - Installation \u00e0 l'ext\u00e9rieur et \u00e0 l'int\u00e9rieur sur du ciment, de l'asphalte ou des surfaces planes. - 1 place pour les enfants. - Monnayeur. - 1 vitesse, jusqu'\u00e0 un maximum de 10km\/h (6mph). - Batteries d'une autonomie de 4-8 h, rechargeables apr\u00e8s 6 heures. - P\u00e9dale d'acc\u00e9l\u00e9ration et capteur d'arr\u00eat. - Capteur frontal pour \u00e9viter les collisions.","og_url":"https:\/\/www.falgas.com\/fr\/produit\/mini-autos-tamponneuses\/","og_site_name":"Falgas","article_publisher":"https:\/\/www.facebook.com\/falgascomercial\/","article_modified_time":"2024-02-28T15:35:15+00:00","og_image":[{"width":704,"height":640,"url":"https:\/\/www.falgas.com\/wp-content\/uploads\/2023\/04\/mini.jpg","type":"image\/jpeg"}],"twitter_card":"summary_large_image","schema":{"@context":"https:\/\/schema.org","@graph":[{"@type":"WebPage","@id":"https:\/\/www.falgas.com\/fr\/produit\/mini-autos-tamponneuses\/","url":"https:\/\/www.falgas.com\/fr\/produit\/mini-autos-tamponneuses\/","name":"Mini Autos tamponneuses | Falgas","isPartOf":{"@id":"https:\/\/www.falgas.com\/fr\/#website"},"primaryImageOfPage":{"@id":"https:\/\/www.falgas.com\/fr\/produit\/mini-autos-tamponneuses\/#primaryimage"},"image":{"@id":"https:\/\/www.falgas.com\/fr\/produit\/mini-autos-tamponneuses\/#primaryimage"},"thumbnailUrl":"https:\/\/www.falgas.com\/wp-content\/uploads\/2023\/04\/mini.jpg","datePublished":"2024-02-28T15:35:10+00:00","dateModified":"2024-02-28T15:35:15+00:00","breadcrumb":{"@id":"https:\/\/www.falgas.com\/fr\/produit\/mini-autos-tamponneuses\/#breadcrumb"},"inLanguage":"fr-FR","potentialAction":[{"@type":"ReadAction","target":["https:\/\/www.falgas.com\/fr\/produit\/mini-autos-tamponneuses\/"]}]},{"@type":"ImageObject","inLanguage":"fr-FR","@id":"https:\/\/www.falgas.com\/fr\/produit\/mini-autos-tamponneuses\/#primaryimage","url":"https:\/\/www.falgas.com\/wp-content\/uploads\/2023\/04\/mini.jpg","contentUrl":"https:\/\/www.falgas.com\/wp-content\/uploads\/2023\/04\/mini.jpg","width":704,"height":640},{"@type":"BreadcrumbList","@id":"https:\/\/www.falgas.com\/fr\/produit\/mini-autos-tamponneuses\/#breadcrumb","itemListElement":[{"@type":"ListItem","position":1,"name":"Portada","item":"https:\/\/www.falgas.com\/fr\/"},{"@type":"ListItem","position":2,"name":"Produits","item":"https:\/\/www.falgas.com\/productos\/"},{"@type":"ListItem","position":3,"name":"Mini Autos tamponneuses"}]},{"@type":"WebSite","@id":"https:\/\/www.falgas.com\/fr\/#website","url":"https:\/\/www.falgas.com\/fr\/","name":"Falgas","description":"Falgas Amusement Rides","potentialAction":[{"@type":"SearchAction","target":{"@type":"EntryPoint","urlTemplate":"https:\/\/www.falgas.com\/fr\/?s={search_term_string}"},"query-input":{"@type":"PropertyValueSpecification","valueRequired":true,"valueName":"search_term_string"}}],"inLanguage":"fr-FR"}]}},"_links":{"self":[{"href":"https:\/\/www.falgas.com\/fr\/wp-json\/wp\/v2\/product\/15093"}],"collection":[{"href":"https:\/\/www.falgas.com\/fr\/wp-json\/wp\/v2\/product"}],"about":[{"href":"https:\/\/www.falgas.com\/fr\/wp-json\/wp\/v2\/types\/product"}],"replies":[{"embeddable":true,"href":"https:\/\/www.falgas.com\/fr\/wp-json\/wp\/v2\/comments?post=15093"}],"wp:featuredmedia":[{"embeddable":true,"href":"https:\/\/www.falgas.com\/fr\/wp-json\/wp\/v2\/media\/6521"}],"wp:attachment":[{"href":"https:\/\/www.falgas.com\/fr\/wp-json\/wp\/v2\/media?parent=15093"}],"wp:term":[{"taxonomy":"product_cat","embeddable":true,"href":"https:\/\/www.falgas.com\/fr\/wp-json\/wp\/v2\/product_cat?post=15093"},{"taxonomy":"product_tag","embeddable":true,"href":"https:\/\/www.falgas.com\/fr\/wp-json\/wp\/v2\/product_tag?post=15093"}],"curies":[{"name":"wp","href":"https:\/\/api.w.org\/{rel}","templated":true}]}}