
{"id":15084,"date":"2024-02-28T12:57:12","date_gmt":"2024-02-28T15:35:10","guid":{"rendered":"https:\/\/www.falgas.com\/producto\/extractor-ii\/"},"modified":"2024-10-16T18:34:46","modified_gmt":"2024-10-16T16:34:46","slug":"extractor-ii","status":"publish","type":"product","link":"https:\/\/www.falgas.com\/fr\/produit\/extractor-ii\/","title":{"rendered":"Extractor II"},"content":{"rendered":"","protected":false},"excerpt":{"rendered":"<p>Excavateur avec jeu vid\u00e9o.<\/p>\n<p>&#8211; Capacit\u00e9 pour 2 utilisateurs.<br \/>\n&#8211; Ecran 17\u2033 avec ratio 16:9.<br \/>\n&#8211; Jeu vid\u00e9o comp\u00e9titif.<br \/>\n&#8211; Lumi\u00e8res LED RGB.<br \/>\n&#8211; Son.<br \/>\n&#8211; Volume sonore r\u00e9glable.<\/p>\n","protected":false},"featured_media":6300,"comment_status":"open","ping_status":"closed","template":"","meta":{"_acf_changed":false},"product_cat":[518,442,448],"product_tag":[],"class_list":{"0":"post-15084","1":"product","2":"type-product","3":"status-publish","4":"has-post-thumbnail","6":"product_cat-avec-ecran-fr","7":"product_cat-maneges-enfants","8":"product_cat-nouveautes","10":"first","11":"instock","12":"product-type-simple"},"acf":[],"yoast_head":"<!-- This site is optimized with the Yoast SEO plugin v23.7 - https:\/\/yoast.com\/wordpress\/plugins\/seo\/ -->\n<title>Extractor II | Falgas<\/title>\n<meta name=\"robots\" content=\"index, follow, max-snippet:-1, max-image-preview:large, max-video-preview:-1\" \/>\n<link rel=\"canonical\" href=\"https:\/\/www.falgas.com\/fr\/produit\/extractor-ii\/\" \/>\n<meta property=\"og:locale\" content=\"fr_FR\" \/>\n<meta property=\"og:type\" content=\"article\" \/>\n<meta property=\"og:title\" content=\"Extractor II | Falgas\" \/>\n<meta property=\"og:description\" content=\"Excavateur avec jeu vid\u00e9o.  - Capacit\u00e9 pour 2 utilisateurs. - Ecran 17\u2033 avec ratio 16:9. - Jeu vid\u00e9o comp\u00e9titif. - Lumi\u00e8res LED RGB. - Son. - Volume sonore r\u00e9glable.\" \/>\n<meta property=\"og:url\" content=\"https:\/\/www.falgas.com\/fr\/produit\/extractor-ii\/\" \/>\n<meta property=\"og:site_name\" content=\"Falgas\" \/>\n<meta property=\"article:publisher\" content=\"https:\/\/www.facebook.com\/falgascomercial\/\" \/>\n<meta property=\"article:modified_time\" content=\"2024-10-16T16:34:46+00:00\" \/>\n<meta property=\"og:image\" content=\"https:\/\/www.falgas.com\/wp-content\/uploads\/2023\/04\/extractorII_2.png\" \/>\n\t<meta property=\"og:image:width\" content=\"600\" \/>\n\t<meta property=\"og:image:height\" content=\"600\" \/>\n\t<meta property=\"og:image:type\" content=\"image\/png\" \/>\n<meta name=\"twitter:card\" content=\"summary_large_image\" \/>\n<script type=\"application\/ld+json\" class=\"yoast-schema-graph\">{\"@context\":\"https:\/\/schema.org\",\"@graph\":[{\"@type\":\"WebPage\",\"@id\":\"https:\/\/www.falgas.com\/fr\/produit\/extractor-ii\/\",\"url\":\"https:\/\/www.falgas.com\/fr\/produit\/extractor-ii\/\",\"name\":\"Extractor II | Falgas\",\"isPartOf\":{\"@id\":\"https:\/\/www.falgas.com\/fr\/#website\"},\"primaryImageOfPage\":{\"@id\":\"https:\/\/www.falgas.com\/fr\/produit\/extractor-ii\/#primaryimage\"},\"image\":{\"@id\":\"https:\/\/www.falgas.com\/fr\/produit\/extractor-ii\/#primaryimage\"},\"thumbnailUrl\":\"https:\/\/www.falgas.com\/wp-content\/uploads\/2023\/04\/extractorII_2.png\",\"datePublished\":\"2024-02-28T15:35:10+00:00\",\"dateModified\":\"2024-10-16T16:34:46+00:00\",\"breadcrumb\":{\"@id\":\"https:\/\/www.falgas.com\/fr\/produit\/extractor-ii\/#breadcrumb\"},\"inLanguage\":\"fr-FR\",\"potentialAction\":[{\"@type\":\"ReadAction\",\"target\":[\"https:\/\/www.falgas.com\/fr\/produit\/extractor-ii\/\"]}]},{\"@type\":\"ImageObject\",\"inLanguage\":\"fr-FR\",\"@id\":\"https:\/\/www.falgas.com\/fr\/produit\/extractor-ii\/#primaryimage\",\"url\":\"https:\/\/www.falgas.com\/wp-content\/uploads\/2023\/04\/extractorII_2.png\",\"contentUrl\":\"https:\/\/www.falgas.com\/wp-content\/uploads\/2023\/04\/extractorII_2.png\",\"width\":600,\"height\":600},{\"@type\":\"BreadcrumbList\",\"@id\":\"https:\/\/www.falgas.com\/fr\/produit\/extractor-ii\/#breadcrumb\",\"itemListElement\":[{\"@type\":\"ListItem\",\"position\":1,\"name\":\"Portada\",\"item\":\"https:\/\/www.falgas.com\/fr\/\"},{\"@type\":\"ListItem\",\"position\":2,\"name\":\"Produits\",\"item\":\"https:\/\/www.falgas.com\/productos\/\"},{\"@type\":\"ListItem\",\"position\":3,\"name\":\"Extractor II\"}]},{\"@type\":\"WebSite\",\"@id\":\"https:\/\/www.falgas.com\/fr\/#website\",\"url\":\"https:\/\/www.falgas.com\/fr\/\",\"name\":\"Falgas\",\"description\":\"Falgas Amusement Rides\",\"potentialAction\":[{\"@type\":\"SearchAction\",\"target\":{\"@type\":\"EntryPoint\",\"urlTemplate\":\"https:\/\/www.falgas.com\/fr\/?s={search_term_string}\"},\"query-input\":{\"@type\":\"PropertyValueSpecification\",\"valueRequired\":true,\"valueName\":\"search_term_string\"}}],\"inLanguage\":\"fr-FR\"}]}<\/script>\n<!-- \/ Yoast SEO plugin. -->","yoast_head_json":{"title":"Extractor II | Falgas","robots":{"index":"index","follow":"follow","max-snippet":"max-snippet:-1","max-image-preview":"max-image-preview:large","max-video-preview":"max-video-preview:-1"},"canonical":"https:\/\/www.falgas.com\/fr\/produit\/extractor-ii\/","og_locale":"fr_FR","og_type":"article","og_title":"Extractor II | Falgas","og_description":"Excavateur avec jeu vid\u00e9o.  - Capacit\u00e9 pour 2 utilisateurs. - Ecran 17\u2033 avec ratio 16:9. - Jeu vid\u00e9o comp\u00e9titif. - Lumi\u00e8res LED RGB. - Son. - Volume sonore r\u00e9glable.","og_url":"https:\/\/www.falgas.com\/fr\/produit\/extractor-ii\/","og_site_name":"Falgas","article_publisher":"https:\/\/www.facebook.com\/falgascomercial\/","article_modified_time":"2024-10-16T16:34:46+00:00","og_image":[{"width":600,"height":600,"url":"https:\/\/www.falgas.com\/wp-content\/uploads\/2023\/04\/extractorII_2.png","type":"image\/png"}],"twitter_card":"summary_large_image","schema":{"@context":"https:\/\/schema.org","@graph":[{"@type":"WebPage","@id":"https:\/\/www.falgas.com\/fr\/produit\/extractor-ii\/","url":"https:\/\/www.falgas.com\/fr\/produit\/extractor-ii\/","name":"Extractor II | Falgas","isPartOf":{"@id":"https:\/\/www.falgas.com\/fr\/#website"},"primaryImageOfPage":{"@id":"https:\/\/www.falgas.com\/fr\/produit\/extractor-ii\/#primaryimage"},"image":{"@id":"https:\/\/www.falgas.com\/fr\/produit\/extractor-ii\/#primaryimage"},"thumbnailUrl":"https:\/\/www.falgas.com\/wp-content\/uploads\/2023\/04\/extractorII_2.png","datePublished":"2024-02-28T15:35:10+00:00","dateModified":"2024-10-16T16:34:46+00:00","breadcrumb":{"@id":"https:\/\/www.falgas.com\/fr\/produit\/extractor-ii\/#breadcrumb"},"inLanguage":"fr-FR","potentialAction":[{"@type":"ReadAction","target":["https:\/\/www.falgas.com\/fr\/produit\/extractor-ii\/"]}]},{"@type":"ImageObject","inLanguage":"fr-FR","@id":"https:\/\/www.falgas.com\/fr\/produit\/extractor-ii\/#primaryimage","url":"https:\/\/www.falgas.com\/wp-content\/uploads\/2023\/04\/extractorII_2.png","contentUrl":"https:\/\/www.falgas.com\/wp-content\/uploads\/2023\/04\/extractorII_2.png","width":600,"height":600},{"@type":"BreadcrumbList","@id":"https:\/\/www.falgas.com\/fr\/produit\/extractor-ii\/#breadcrumb","itemListElement":[{"@type":"ListItem","position":1,"name":"Portada","item":"https:\/\/www.falgas.com\/fr\/"},{"@type":"ListItem","position":2,"name":"Produits","item":"https:\/\/www.falgas.com\/productos\/"},{"@type":"ListItem","position":3,"name":"Extractor II"}]},{"@type":"WebSite","@id":"https:\/\/www.falgas.com\/fr\/#website","url":"https:\/\/www.falgas.com\/fr\/","name":"Falgas","description":"Falgas Amusement Rides","potentialAction":[{"@type":"SearchAction","target":{"@type":"EntryPoint","urlTemplate":"https:\/\/www.falgas.com\/fr\/?s={search_term_string}"},"query-input":{"@type":"PropertyValueSpecification","valueRequired":true,"valueName":"search_term_string"}}],"inLanguage":"fr-FR"}]}},"_links":{"self":[{"href":"https:\/\/www.falgas.com\/fr\/wp-json\/wp\/v2\/product\/15084"}],"collection":[{"href":"https:\/\/www.falgas.com\/fr\/wp-json\/wp\/v2\/product"}],"about":[{"href":"https:\/\/www.falgas.com\/fr\/wp-json\/wp\/v2\/types\/product"}],"replies":[{"embeddable":true,"href":"https:\/\/www.falgas.com\/fr\/wp-json\/wp\/v2\/comments?post=15084"}],"wp:featuredmedia":[{"embeddable":true,"href":"https:\/\/www.falgas.com\/fr\/wp-json\/wp\/v2\/media\/6300"}],"wp:attachment":[{"href":"https:\/\/www.falgas.com\/fr\/wp-json\/wp\/v2\/media?parent=15084"}],"wp:term":[{"taxonomy":"product_cat","embeddable":true,"href":"https:\/\/www.falgas.com\/fr\/wp-json\/wp\/v2\/product_cat?post=15084"},{"taxonomy":"product_tag","embeddable":true,"href":"https:\/\/www.falgas.com\/fr\/wp-json\/wp\/v2\/product_tag?post=15084"}],"curies":[{"name":"wp","href":"https:\/\/api.w.org\/{rel}","templated":true}]}}