
{"id":15043,"date":"2024-02-28T12:56:58","date_gmt":"2024-02-28T15:34:51","guid":{"rendered":"https:\/\/www.falgas.com\/producto\/baby-animals-safari\/"},"modified":"2024-02-28T16:34:53","modified_gmt":"2024-02-28T15:34:53","slug":"baby-animals-safari","status":"publish","type":"product","link":"https:\/\/www.falgas.com\/fr\/produit\/baby-animals-safari\/","title":{"rendered":"Baby Animals Safari"},"content":{"rendered":"","protected":false},"excerpt":{"rendered":"<p>Attraction pour les enfants de 3 \u00e0 6 ans, id\u00e9ale pour les centres commerciaux et les petits espaces.<\/p>\n<p>&#8211; Capacit\u00e9 de 1 utilisateur par voiture.<br \/>\n&#8211; Installation \u00e0 l&rsquo;ext\u00e9rieur et \u00e0 l&rsquo;int\u00e9rieur sur des pistes en b\u00e9ton, asphalte ou surfaces lisses.<br \/>\n&#8211; Fonctionnement \u00e0 pi\u00e8ces.<br \/>\n&#8211; Moteur \u00e0 brosse de 200W avec une grande durabilit\u00e9 et un minimum d&rsquo;entretien.<br \/>\n&#8211; 1 vitesse, atteignant un maximum de 5km\/h (3mph) pour la s\u00e9curit\u00e9 des plus petits.<br \/>\n&#8211; Batteries avec une autonomie allant jusqu&rsquo;\u00e0 24 heures, rechargeables toutes les 6 heures.<br \/>\n&#8211; P\u00e9dale d&rsquo;acc\u00e9l\u00e9ration et capteur d&rsquo;arr\u00eat.<br \/>\n&#8211; Capteur frontal pour \u00e9viter les collisions.<\/p>\n","protected":false},"featured_media":1341,"comment_status":"open","ping_status":"closed","template":"","meta":{"_acf_changed":false},"product_cat":[427,425],"product_tag":[],"class_list":{"0":"post-15043","1":"product","2":"type-product","3":"status-publish","4":"has-post-thumbnail","6":"product_cat-bebes-animaux-et-voitures-fr","7":"product_cat-voitures-motos-batterie","9":"first","10":"instock","11":"product-type-simple"},"acf":[],"yoast_head":"<!-- This site is optimized with the Yoast SEO plugin v23.7 - https:\/\/yoast.com\/wordpress\/plugins\/seo\/ -->\n<title>Baby Animals Safari | Falgas<\/title>\n<meta name=\"robots\" content=\"index, follow, max-snippet:-1, max-image-preview:large, max-video-preview:-1\" \/>\n<link rel=\"canonical\" href=\"https:\/\/www.falgas.com\/fr\/produit\/baby-animals-safari\/\" \/>\n<meta property=\"og:locale\" content=\"fr_FR\" \/>\n<meta property=\"og:type\" content=\"article\" \/>\n<meta property=\"og:title\" content=\"Baby Animals Safari | Falgas\" \/>\n<meta property=\"og:description\" content=\"Attraction pour les enfants de 3 \u00e0 6 ans, id\u00e9ale pour les centres commerciaux et les petits espaces. - Capacit\u00e9 de 1 utilisateur par voiture. - Installation \u00e0 l&#039;ext\u00e9rieur et \u00e0 l&#039;int\u00e9rieur sur des pistes en b\u00e9ton, asphalte ou surfaces lisses. - Fonctionnement \u00e0 pi\u00e8ces. - Moteur \u00e0 brosse de 200W avec une grande durabilit\u00e9 et un minimum d&#039;entretien. - 1 vitesse, atteignant un maximum de 5km\/h (3mph) pour la s\u00e9curit\u00e9 des plus petits. - Batteries avec une autonomie allant jusqu&#039;\u00e0 24 heures, rechargeables toutes les 6 heures. - P\u00e9dale d&#039;acc\u00e9l\u00e9ration et capteur d&#039;arr\u00eat. - Capteur frontal pour \u00e9viter les collisions.\" \/>\n<meta property=\"og:url\" content=\"https:\/\/www.falgas.com\/fr\/produit\/baby-animals-safari\/\" \/>\n<meta property=\"og:site_name\" content=\"Falgas\" \/>\n<meta property=\"article:publisher\" content=\"https:\/\/www.facebook.com\/falgascomercial\/\" \/>\n<meta property=\"article:modified_time\" content=\"2024-02-28T15:34:53+00:00\" \/>\n<meta property=\"og:image\" content=\"https:\/\/www.falgas.com\/wp-content\/uploads\/2019\/05\/babyanimals_1.png\" \/>\n\t<meta property=\"og:image:width\" content=\"600\" \/>\n\t<meta property=\"og:image:height\" content=\"600\" \/>\n\t<meta property=\"og:image:type\" content=\"image\/png\" \/>\n<meta name=\"twitter:card\" content=\"summary_large_image\" \/>\n<script type=\"application\/ld+json\" class=\"yoast-schema-graph\">{\"@context\":\"https:\/\/schema.org\",\"@graph\":[{\"@type\":\"WebPage\",\"@id\":\"https:\/\/www.falgas.com\/fr\/produit\/baby-animals-safari\/\",\"url\":\"https:\/\/www.falgas.com\/fr\/produit\/baby-animals-safari\/\",\"name\":\"Baby Animals Safari | Falgas\",\"isPartOf\":{\"@id\":\"https:\/\/www.falgas.com\/fr\/#website\"},\"primaryImageOfPage\":{\"@id\":\"https:\/\/www.falgas.com\/fr\/produit\/baby-animals-safari\/#primaryimage\"},\"image\":{\"@id\":\"https:\/\/www.falgas.com\/fr\/produit\/baby-animals-safari\/#primaryimage\"},\"thumbnailUrl\":\"https:\/\/www.falgas.com\/wp-content\/uploads\/2019\/05\/babyanimals_1.png\",\"datePublished\":\"2024-02-28T15:34:51+00:00\",\"dateModified\":\"2024-02-28T15:34:53+00:00\",\"breadcrumb\":{\"@id\":\"https:\/\/www.falgas.com\/fr\/produit\/baby-animals-safari\/#breadcrumb\"},\"inLanguage\":\"fr-FR\",\"potentialAction\":[{\"@type\":\"ReadAction\",\"target\":[\"https:\/\/www.falgas.com\/fr\/produit\/baby-animals-safari\/\"]}]},{\"@type\":\"ImageObject\",\"inLanguage\":\"fr-FR\",\"@id\":\"https:\/\/www.falgas.com\/fr\/produit\/baby-animals-safari\/#primaryimage\",\"url\":\"https:\/\/www.falgas.com\/wp-content\/uploads\/2019\/05\/babyanimals_1.png\",\"contentUrl\":\"https:\/\/www.falgas.com\/wp-content\/uploads\/2019\/05\/babyanimals_1.png\",\"width\":600,\"height\":600,\"caption\":\"Baby Animals & Baby Car\"},{\"@type\":\"BreadcrumbList\",\"@id\":\"https:\/\/www.falgas.com\/fr\/produit\/baby-animals-safari\/#breadcrumb\",\"itemListElement\":[{\"@type\":\"ListItem\",\"position\":1,\"name\":\"Portada\",\"item\":\"https:\/\/www.falgas.com\/fr\/\"},{\"@type\":\"ListItem\",\"position\":2,\"name\":\"Produits\",\"item\":\"https:\/\/www.falgas.com\/productos\/\"},{\"@type\":\"ListItem\",\"position\":3,\"name\":\"Baby Animals Safari\"}]},{\"@type\":\"WebSite\",\"@id\":\"https:\/\/www.falgas.com\/fr\/#website\",\"url\":\"https:\/\/www.falgas.com\/fr\/\",\"name\":\"Falgas\",\"description\":\"Falgas Amusement Rides\",\"potentialAction\":[{\"@type\":\"SearchAction\",\"target\":{\"@type\":\"EntryPoint\",\"urlTemplate\":\"https:\/\/www.falgas.com\/fr\/?s={search_term_string}\"},\"query-input\":{\"@type\":\"PropertyValueSpecification\",\"valueRequired\":true,\"valueName\":\"search_term_string\"}}],\"inLanguage\":\"fr-FR\"}]}<\/script>\n<!-- \/ Yoast SEO plugin. -->","yoast_head_json":{"title":"Baby Animals Safari | Falgas","robots":{"index":"index","follow":"follow","max-snippet":"max-snippet:-1","max-image-preview":"max-image-preview:large","max-video-preview":"max-video-preview:-1"},"canonical":"https:\/\/www.falgas.com\/fr\/produit\/baby-animals-safari\/","og_locale":"fr_FR","og_type":"article","og_title":"Baby Animals Safari | Falgas","og_description":"Attraction pour les enfants de 3 \u00e0 6 ans, id\u00e9ale pour les centres commerciaux et les petits espaces. - Capacit\u00e9 de 1 utilisateur par voiture. - Installation \u00e0 l'ext\u00e9rieur et \u00e0 l'int\u00e9rieur sur des pistes en b\u00e9ton, asphalte ou surfaces lisses. - Fonctionnement \u00e0 pi\u00e8ces. - Moteur \u00e0 brosse de 200W avec une grande durabilit\u00e9 et un minimum d'entretien. - 1 vitesse, atteignant un maximum de 5km\/h (3mph) pour la s\u00e9curit\u00e9 des plus petits. - Batteries avec une autonomie allant jusqu'\u00e0 24 heures, rechargeables toutes les 6 heures. - P\u00e9dale d'acc\u00e9l\u00e9ration et capteur d'arr\u00eat. - Capteur frontal pour \u00e9viter les collisions.","og_url":"https:\/\/www.falgas.com\/fr\/produit\/baby-animals-safari\/","og_site_name":"Falgas","article_publisher":"https:\/\/www.facebook.com\/falgascomercial\/","article_modified_time":"2024-02-28T15:34:53+00:00","og_image":[{"width":600,"height":600,"url":"https:\/\/www.falgas.com\/wp-content\/uploads\/2019\/05\/babyanimals_1.png","type":"image\/png"}],"twitter_card":"summary_large_image","schema":{"@context":"https:\/\/schema.org","@graph":[{"@type":"WebPage","@id":"https:\/\/www.falgas.com\/fr\/produit\/baby-animals-safari\/","url":"https:\/\/www.falgas.com\/fr\/produit\/baby-animals-safari\/","name":"Baby Animals Safari | Falgas","isPartOf":{"@id":"https:\/\/www.falgas.com\/fr\/#website"},"primaryImageOfPage":{"@id":"https:\/\/www.falgas.com\/fr\/produit\/baby-animals-safari\/#primaryimage"},"image":{"@id":"https:\/\/www.falgas.com\/fr\/produit\/baby-animals-safari\/#primaryimage"},"thumbnailUrl":"https:\/\/www.falgas.com\/wp-content\/uploads\/2019\/05\/babyanimals_1.png","datePublished":"2024-02-28T15:34:51+00:00","dateModified":"2024-02-28T15:34:53+00:00","breadcrumb":{"@id":"https:\/\/www.falgas.com\/fr\/produit\/baby-animals-safari\/#breadcrumb"},"inLanguage":"fr-FR","potentialAction":[{"@type":"ReadAction","target":["https:\/\/www.falgas.com\/fr\/produit\/baby-animals-safari\/"]}]},{"@type":"ImageObject","inLanguage":"fr-FR","@id":"https:\/\/www.falgas.com\/fr\/produit\/baby-animals-safari\/#primaryimage","url":"https:\/\/www.falgas.com\/wp-content\/uploads\/2019\/05\/babyanimals_1.png","contentUrl":"https:\/\/www.falgas.com\/wp-content\/uploads\/2019\/05\/babyanimals_1.png","width":600,"height":600,"caption":"Baby Animals & Baby Car"},{"@type":"BreadcrumbList","@id":"https:\/\/www.falgas.com\/fr\/produit\/baby-animals-safari\/#breadcrumb","itemListElement":[{"@type":"ListItem","position":1,"name":"Portada","item":"https:\/\/www.falgas.com\/fr\/"},{"@type":"ListItem","position":2,"name":"Produits","item":"https:\/\/www.falgas.com\/productos\/"},{"@type":"ListItem","position":3,"name":"Baby Animals Safari"}]},{"@type":"WebSite","@id":"https:\/\/www.falgas.com\/fr\/#website","url":"https:\/\/www.falgas.com\/fr\/","name":"Falgas","description":"Falgas Amusement Rides","potentialAction":[{"@type":"SearchAction","target":{"@type":"EntryPoint","urlTemplate":"https:\/\/www.falgas.com\/fr\/?s={search_term_string}"},"query-input":{"@type":"PropertyValueSpecification","valueRequired":true,"valueName":"search_term_string"}}],"inLanguage":"fr-FR"}]}},"_links":{"self":[{"href":"https:\/\/www.falgas.com\/fr\/wp-json\/wp\/v2\/product\/15043"}],"collection":[{"href":"https:\/\/www.falgas.com\/fr\/wp-json\/wp\/v2\/product"}],"about":[{"href":"https:\/\/www.falgas.com\/fr\/wp-json\/wp\/v2\/types\/product"}],"replies":[{"embeddable":true,"href":"https:\/\/www.falgas.com\/fr\/wp-json\/wp\/v2\/comments?post=15043"}],"wp:featuredmedia":[{"embeddable":true,"href":"https:\/\/www.falgas.com\/fr\/wp-json\/wp\/v2\/media\/1341"}],"wp:attachment":[{"href":"https:\/\/www.falgas.com\/fr\/wp-json\/wp\/v2\/media?parent=15043"}],"wp:term":[{"taxonomy":"product_cat","embeddable":true,"href":"https:\/\/www.falgas.com\/fr\/wp-json\/wp\/v2\/product_cat?post=15043"},{"taxonomy":"product_tag","embeddable":true,"href":"https:\/\/www.falgas.com\/fr\/wp-json\/wp\/v2\/product_tag?post=15043"}],"curies":[{"name":"wp","href":"https:\/\/api.w.org\/{rel}","templated":true}]}}