
{"id":15040,"date":"2024-02-28T12:56:58","date_gmt":"2024-02-28T15:34:51","guid":{"rendered":"https:\/\/www.falgas.com\/producto\/bateaux-tamponneurs\/"},"modified":"2024-02-28T16:34:51","modified_gmt":"2024-02-28T15:34:51","slug":"bateaux-tamponneurs","status":"publish","type":"product","link":"https:\/\/www.falgas.com\/fr\/produit\/bateaux-tamponneurs\/","title":{"rendered":"Bateaux tamponneurs"},"content":{"rendered":"","protected":false},"excerpt":{"rendered":"<p>Attraction aquatique pour les enfants de plus de 6 ans.<\/p>\n<p>-Installation en piscine, parc aquatique et m\u00eame en pleine mer, \u00e0 condition qu&rsquo;il y ait une profondeur minimale de 50 cm.<br \/>\n&#8211; Fonctionnement avec pi\u00e8ce ou jeton.<br \/>\n&#8211; Moteur \u00e9lectrique \u00e0 haute durabilit\u00e9 et entretien minimal.<br \/>\n&#8211; Z\u00e9ro \u00e9mission.<br \/>\n&#8211; Minuterie num\u00e9rique qui ajuste la vitesse et la dur\u00e9e.<br \/>\n&#8211; 1 vitesse, atteignant un maximum de 8km\/h (5mph).<br \/>\n&#8211; Batteries d&rsquo;une autonomie de 4-8h, rechargeables et rechargeables. Z\u00e9ro \u00e9mission.<br \/>\n&#8211; 16 mod\u00e8les disponibles de 2 places.<\/p>\n","protected":false},"featured_media":1293,"comment_status":"open","ping_status":"closed","template":"","meta":{"_acf_changed":false},"product_cat":[429,425],"product_tag":[],"class_list":{"0":"post-15040","1":"product","2":"type-product","3":"status-publish","4":"has-post-thumbnail","6":"product_cat-bateaux-tamponneurs-fr","7":"product_cat-voitures-motos-batterie","9":"first","10":"instock","11":"product-type-simple"},"acf":[],"yoast_head":"<!-- This site is optimized with the Yoast SEO plugin v23.7 - https:\/\/yoast.com\/wordpress\/plugins\/seo\/ -->\n<title>Bateaux tamponneurs | Falgas<\/title>\n<meta name=\"robots\" content=\"index, follow, max-snippet:-1, max-image-preview:large, max-video-preview:-1\" \/>\n<link rel=\"canonical\" href=\"https:\/\/www.falgas.com\/fr\/produit\/bateaux-tamponneurs\/\" \/>\n<meta property=\"og:locale\" content=\"fr_FR\" \/>\n<meta property=\"og:type\" content=\"article\" \/>\n<meta property=\"og:title\" content=\"Bateaux tamponneurs | Falgas\" \/>\n<meta property=\"og:description\" content=\"Attraction aquatique pour les enfants de plus de 6 ans. -Installation en piscine, parc aquatique et m\u00eame en pleine mer, \u00e0 condition qu&#039;il y ait une profondeur minimale de 50 cm. - Fonctionnement avec pi\u00e8ce ou jeton. - Moteur \u00e9lectrique \u00e0 haute durabilit\u00e9 et entretien minimal. - Z\u00e9ro \u00e9mission. - Minuterie num\u00e9rique qui ajuste la vitesse et la dur\u00e9e. - 1 vitesse, atteignant un maximum de 8km\/h (5mph). - Batteries d&#039;une autonomie de 4-8h, rechargeables et rechargeables. Z\u00e9ro \u00e9mission. - 16 mod\u00e8les disponibles de 2 places.\" \/>\n<meta property=\"og:url\" content=\"https:\/\/www.falgas.com\/fr\/produit\/bateaux-tamponneurs\/\" \/>\n<meta property=\"og:site_name\" content=\"Falgas\" \/>\n<meta property=\"article:publisher\" content=\"https:\/\/www.facebook.com\/falgascomercial\/\" \/>\n<meta property=\"og:image\" content=\"https:\/\/www.falgas.com\/wp-content\/uploads\/2019\/05\/bumperboat_1.png\" \/>\n\t<meta property=\"og:image:width\" content=\"600\" \/>\n\t<meta property=\"og:image:height\" content=\"600\" \/>\n\t<meta property=\"og:image:type\" content=\"image\/png\" \/>\n<meta name=\"twitter:card\" content=\"summary_large_image\" \/>\n<script type=\"application\/ld+json\" class=\"yoast-schema-graph\">{\"@context\":\"https:\/\/schema.org\",\"@graph\":[{\"@type\":\"WebPage\",\"@id\":\"https:\/\/www.falgas.com\/fr\/produit\/bateaux-tamponneurs\/\",\"url\":\"https:\/\/www.falgas.com\/fr\/produit\/bateaux-tamponneurs\/\",\"name\":\"Bateaux tamponneurs | Falgas\",\"isPartOf\":{\"@id\":\"https:\/\/www.falgas.com\/fr\/#website\"},\"primaryImageOfPage\":{\"@id\":\"https:\/\/www.falgas.com\/fr\/produit\/bateaux-tamponneurs\/#primaryimage\"},\"image\":{\"@id\":\"https:\/\/www.falgas.com\/fr\/produit\/bateaux-tamponneurs\/#primaryimage\"},\"thumbnailUrl\":\"https:\/\/www.falgas.com\/wp-content\/uploads\/2019\/05\/bumperboat_1.png\",\"datePublished\":\"2024-02-28T15:34:51+00:00\",\"dateModified\":\"2024-02-28T15:34:51+00:00\",\"breadcrumb\":{\"@id\":\"https:\/\/www.falgas.com\/fr\/produit\/bateaux-tamponneurs\/#breadcrumb\"},\"inLanguage\":\"fr-FR\",\"potentialAction\":[{\"@type\":\"ReadAction\",\"target\":[\"https:\/\/www.falgas.com\/fr\/produit\/bateaux-tamponneurs\/\"]}]},{\"@type\":\"ImageObject\",\"inLanguage\":\"fr-FR\",\"@id\":\"https:\/\/www.falgas.com\/fr\/produit\/bateaux-tamponneurs\/#primaryimage\",\"url\":\"https:\/\/www.falgas.com\/wp-content\/uploads\/2019\/05\/bumperboat_1.png\",\"contentUrl\":\"https:\/\/www.falgas.com\/wp-content\/uploads\/2019\/05\/bumperboat_1.png\",\"width\":600,\"height\":600,\"caption\":\"Bateaux tamponneurs\"},{\"@type\":\"BreadcrumbList\",\"@id\":\"https:\/\/www.falgas.com\/fr\/produit\/bateaux-tamponneurs\/#breadcrumb\",\"itemListElement\":[{\"@type\":\"ListItem\",\"position\":1,\"name\":\"Portada\",\"item\":\"https:\/\/www.falgas.com\/fr\/\"},{\"@type\":\"ListItem\",\"position\":2,\"name\":\"Produits\",\"item\":\"https:\/\/www.falgas.com\/productos\/\"},{\"@type\":\"ListItem\",\"position\":3,\"name\":\"Bateaux tamponneurs\"}]},{\"@type\":\"WebSite\",\"@id\":\"https:\/\/www.falgas.com\/fr\/#website\",\"url\":\"https:\/\/www.falgas.com\/fr\/\",\"name\":\"Falgas\",\"description\":\"Falgas Amusement Rides\",\"potentialAction\":[{\"@type\":\"SearchAction\",\"target\":{\"@type\":\"EntryPoint\",\"urlTemplate\":\"https:\/\/www.falgas.com\/fr\/?s={search_term_string}\"},\"query-input\":{\"@type\":\"PropertyValueSpecification\",\"valueRequired\":true,\"valueName\":\"search_term_string\"}}],\"inLanguage\":\"fr-FR\"}]}<\/script>\n<!-- \/ Yoast SEO plugin. -->","yoast_head_json":{"title":"Bateaux tamponneurs | Falgas","robots":{"index":"index","follow":"follow","max-snippet":"max-snippet:-1","max-image-preview":"max-image-preview:large","max-video-preview":"max-video-preview:-1"},"canonical":"https:\/\/www.falgas.com\/fr\/produit\/bateaux-tamponneurs\/","og_locale":"fr_FR","og_type":"article","og_title":"Bateaux tamponneurs | Falgas","og_description":"Attraction aquatique pour les enfants de plus de 6 ans. -Installation en piscine, parc aquatique et m\u00eame en pleine mer, \u00e0 condition qu'il y ait une profondeur minimale de 50 cm. - Fonctionnement avec pi\u00e8ce ou jeton. - Moteur \u00e9lectrique \u00e0 haute durabilit\u00e9 et entretien minimal. - Z\u00e9ro \u00e9mission. - Minuterie num\u00e9rique qui ajuste la vitesse et la dur\u00e9e. - 1 vitesse, atteignant un maximum de 8km\/h (5mph). - Batteries d'une autonomie de 4-8h, rechargeables et rechargeables. Z\u00e9ro \u00e9mission. - 16 mod\u00e8les disponibles de 2 places.","og_url":"https:\/\/www.falgas.com\/fr\/produit\/bateaux-tamponneurs\/","og_site_name":"Falgas","article_publisher":"https:\/\/www.facebook.com\/falgascomercial\/","og_image":[{"width":600,"height":600,"url":"https:\/\/www.falgas.com\/wp-content\/uploads\/2019\/05\/bumperboat_1.png","type":"image\/png"}],"twitter_card":"summary_large_image","schema":{"@context":"https:\/\/schema.org","@graph":[{"@type":"WebPage","@id":"https:\/\/www.falgas.com\/fr\/produit\/bateaux-tamponneurs\/","url":"https:\/\/www.falgas.com\/fr\/produit\/bateaux-tamponneurs\/","name":"Bateaux tamponneurs | Falgas","isPartOf":{"@id":"https:\/\/www.falgas.com\/fr\/#website"},"primaryImageOfPage":{"@id":"https:\/\/www.falgas.com\/fr\/produit\/bateaux-tamponneurs\/#primaryimage"},"image":{"@id":"https:\/\/www.falgas.com\/fr\/produit\/bateaux-tamponneurs\/#primaryimage"},"thumbnailUrl":"https:\/\/www.falgas.com\/wp-content\/uploads\/2019\/05\/bumperboat_1.png","datePublished":"2024-02-28T15:34:51+00:00","dateModified":"2024-02-28T15:34:51+00:00","breadcrumb":{"@id":"https:\/\/www.falgas.com\/fr\/produit\/bateaux-tamponneurs\/#breadcrumb"},"inLanguage":"fr-FR","potentialAction":[{"@type":"ReadAction","target":["https:\/\/www.falgas.com\/fr\/produit\/bateaux-tamponneurs\/"]}]},{"@type":"ImageObject","inLanguage":"fr-FR","@id":"https:\/\/www.falgas.com\/fr\/produit\/bateaux-tamponneurs\/#primaryimage","url":"https:\/\/www.falgas.com\/wp-content\/uploads\/2019\/05\/bumperboat_1.png","contentUrl":"https:\/\/www.falgas.com\/wp-content\/uploads\/2019\/05\/bumperboat_1.png","width":600,"height":600,"caption":"Bateaux tamponneurs"},{"@type":"BreadcrumbList","@id":"https:\/\/www.falgas.com\/fr\/produit\/bateaux-tamponneurs\/#breadcrumb","itemListElement":[{"@type":"ListItem","position":1,"name":"Portada","item":"https:\/\/www.falgas.com\/fr\/"},{"@type":"ListItem","position":2,"name":"Produits","item":"https:\/\/www.falgas.com\/productos\/"},{"@type":"ListItem","position":3,"name":"Bateaux tamponneurs"}]},{"@type":"WebSite","@id":"https:\/\/www.falgas.com\/fr\/#website","url":"https:\/\/www.falgas.com\/fr\/","name":"Falgas","description":"Falgas Amusement Rides","potentialAction":[{"@type":"SearchAction","target":{"@type":"EntryPoint","urlTemplate":"https:\/\/www.falgas.com\/fr\/?s={search_term_string}"},"query-input":{"@type":"PropertyValueSpecification","valueRequired":true,"valueName":"search_term_string"}}],"inLanguage":"fr-FR"}]}},"_links":{"self":[{"href":"https:\/\/www.falgas.com\/fr\/wp-json\/wp\/v2\/product\/15040"}],"collection":[{"href":"https:\/\/www.falgas.com\/fr\/wp-json\/wp\/v2\/product"}],"about":[{"href":"https:\/\/www.falgas.com\/fr\/wp-json\/wp\/v2\/types\/product"}],"replies":[{"embeddable":true,"href":"https:\/\/www.falgas.com\/fr\/wp-json\/wp\/v2\/comments?post=15040"}],"wp:featuredmedia":[{"embeddable":true,"href":"https:\/\/www.falgas.com\/fr\/wp-json\/wp\/v2\/media\/1293"}],"wp:attachment":[{"href":"https:\/\/www.falgas.com\/fr\/wp-json\/wp\/v2\/media?parent=15040"}],"wp:term":[{"taxonomy":"product_cat","embeddable":true,"href":"https:\/\/www.falgas.com\/fr\/wp-json\/wp\/v2\/product_cat?post=15040"},{"taxonomy":"product_tag","embeddable":true,"href":"https:\/\/www.falgas.com\/fr\/wp-json\/wp\/v2\/product_tag?post=15040"}],"curies":[{"name":"wp","href":"https:\/\/api.w.org\/{rel}","templated":true}]}}