
{"id":15037,"date":"2024-02-28T12:56:50","date_gmt":"2024-02-28T15:34:41","guid":{"rendered":"https:\/\/www.falgas.com\/producto\/faire-du-karting-single-1-seat\/"},"modified":"2024-02-28T16:34:49","modified_gmt":"2024-02-28T15:34:49","slug":"faire-du-karting-single-1-seat","status":"publish","type":"product","link":"https:\/\/www.falgas.com\/fr\/produit\/faire-du-karting-single-1-seat\/","title":{"rendered":"Faire du karting Single (1 seat)"},"content":{"rendered":"","protected":false},"excerpt":{"rendered":"<p>Kart \u00e0 circuit ferm\u00e9 <\/p>\n<p>&#8211; Capacit\u00e9 : 1 si\u00e8ge<br \/>\n&#8211; \u00c2ge : enfants et adultes<br \/>\n&#8211; Vitesse maximale. 20 km\/h \/ 12 mph- Double p\u00e9dale : Acc\u00e9l\u00e9rateur et freins<br \/>\n&#8211; Arr\u00eat automatique<br \/>\n&#8211; Monnayeur standard<br \/>\n&#8211; Tiroir verrouillable.<\/p>\n","protected":false},"featured_media":6540,"comment_status":"open","ping_status":"closed","template":"","meta":{"_acf_changed":false},"product_cat":[432,425],"product_tag":[],"class_list":{"0":"post-15037","1":"product","2":"type-product","3":"status-publish","4":"has-post-thumbnail","6":"product_cat-faire-du-karting-fr","7":"product_cat-voitures-motos-batterie","9":"first","10":"instock","11":"product-type-simple"},"acf":[],"yoast_head":"<!-- This site is optimized with the Yoast SEO plugin v23.7 - https:\/\/yoast.com\/wordpress\/plugins\/seo\/ -->\n<title>Faire du karting Single (1 seat) | Falgas<\/title>\n<meta name=\"robots\" content=\"index, follow, max-snippet:-1, max-image-preview:large, max-video-preview:-1\" \/>\n<link rel=\"canonical\" href=\"https:\/\/www.falgas.com\/fr\/produit\/faire-du-karting-single-1-seat\/\" \/>\n<meta property=\"og:locale\" content=\"fr_FR\" \/>\n<meta property=\"og:type\" content=\"article\" \/>\n<meta property=\"og:title\" content=\"Faire du karting Single (1 seat) | Falgas\" \/>\n<meta property=\"og:description\" content=\"Kart \u00e0 circuit ferm\u00e9  - Capacit\u00e9 : 1 si\u00e8ge - \u00c2ge : enfants et adultes - Vitesse maximale. 20 km\/h \/ 12 mph- Double p\u00e9dale : Acc\u00e9l\u00e9rateur et freins - Arr\u00eat automatique - Monnayeur standard - Tiroir verrouillable.\" \/>\n<meta property=\"og:url\" content=\"https:\/\/www.falgas.com\/fr\/produit\/faire-du-karting-single-1-seat\/\" \/>\n<meta property=\"og:site_name\" content=\"Falgas\" \/>\n<meta property=\"article:publisher\" content=\"https:\/\/www.facebook.com\/falgascomercial\/\" \/>\n<meta property=\"article:modified_time\" content=\"2024-02-28T15:34:49+00:00\" \/>\n<meta property=\"og:image\" content=\"https:\/\/www.falgas.com\/wp-content\/uploads\/2019\/05\/single_1.jpg\" \/>\n\t<meta property=\"og:image:width\" content=\"704\" \/>\n\t<meta property=\"og:image:height\" content=\"640\" \/>\n\t<meta property=\"og:image:type\" content=\"image\/jpeg\" \/>\n<meta name=\"twitter:card\" content=\"summary_large_image\" \/>\n<script type=\"application\/ld+json\" class=\"yoast-schema-graph\">{\"@context\":\"https:\/\/schema.org\",\"@graph\":[{\"@type\":\"WebPage\",\"@id\":\"https:\/\/www.falgas.com\/fr\/produit\/faire-du-karting-single-1-seat\/\",\"url\":\"https:\/\/www.falgas.com\/fr\/produit\/faire-du-karting-single-1-seat\/\",\"name\":\"Faire du karting Single (1 seat) | Falgas\",\"isPartOf\":{\"@id\":\"https:\/\/www.falgas.com\/fr\/#website\"},\"primaryImageOfPage\":{\"@id\":\"https:\/\/www.falgas.com\/fr\/produit\/faire-du-karting-single-1-seat\/#primaryimage\"},\"image\":{\"@id\":\"https:\/\/www.falgas.com\/fr\/produit\/faire-du-karting-single-1-seat\/#primaryimage\"},\"thumbnailUrl\":\"https:\/\/www.falgas.com\/wp-content\/uploads\/2019\/05\/single_1.jpg\",\"datePublished\":\"2024-02-28T15:34:41+00:00\",\"dateModified\":\"2024-02-28T15:34:49+00:00\",\"breadcrumb\":{\"@id\":\"https:\/\/www.falgas.com\/fr\/produit\/faire-du-karting-single-1-seat\/#breadcrumb\"},\"inLanguage\":\"fr-FR\",\"potentialAction\":[{\"@type\":\"ReadAction\",\"target\":[\"https:\/\/www.falgas.com\/fr\/produit\/faire-du-karting-single-1-seat\/\"]}]},{\"@type\":\"ImageObject\",\"inLanguage\":\"fr-FR\",\"@id\":\"https:\/\/www.falgas.com\/fr\/produit\/faire-du-karting-single-1-seat\/#primaryimage\",\"url\":\"https:\/\/www.falgas.com\/wp-content\/uploads\/2019\/05\/single_1.jpg\",\"contentUrl\":\"https:\/\/www.falgas.com\/wp-content\/uploads\/2019\/05\/single_1.jpg\",\"width\":704,\"height\":640},{\"@type\":\"BreadcrumbList\",\"@id\":\"https:\/\/www.falgas.com\/fr\/produit\/faire-du-karting-single-1-seat\/#breadcrumb\",\"itemListElement\":[{\"@type\":\"ListItem\",\"position\":1,\"name\":\"Portada\",\"item\":\"https:\/\/www.falgas.com\/fr\/\"},{\"@type\":\"ListItem\",\"position\":2,\"name\":\"Produits\",\"item\":\"https:\/\/www.falgas.com\/productos\/\"},{\"@type\":\"ListItem\",\"position\":3,\"name\":\"Faire du karting Single (1 seat)\"}]},{\"@type\":\"WebSite\",\"@id\":\"https:\/\/www.falgas.com\/fr\/#website\",\"url\":\"https:\/\/www.falgas.com\/fr\/\",\"name\":\"Falgas\",\"description\":\"Falgas Amusement Rides\",\"potentialAction\":[{\"@type\":\"SearchAction\",\"target\":{\"@type\":\"EntryPoint\",\"urlTemplate\":\"https:\/\/www.falgas.com\/fr\/?s={search_term_string}\"},\"query-input\":{\"@type\":\"PropertyValueSpecification\",\"valueRequired\":true,\"valueName\":\"search_term_string\"}}],\"inLanguage\":\"fr-FR\"}]}<\/script>\n<!-- \/ Yoast SEO plugin. -->","yoast_head_json":{"title":"Faire du karting Single (1 seat) | Falgas","robots":{"index":"index","follow":"follow","max-snippet":"max-snippet:-1","max-image-preview":"max-image-preview:large","max-video-preview":"max-video-preview:-1"},"canonical":"https:\/\/www.falgas.com\/fr\/produit\/faire-du-karting-single-1-seat\/","og_locale":"fr_FR","og_type":"article","og_title":"Faire du karting Single (1 seat) | Falgas","og_description":"Kart \u00e0 circuit ferm\u00e9  - Capacit\u00e9 : 1 si\u00e8ge - \u00c2ge : enfants et adultes - Vitesse maximale. 20 km\/h \/ 12 mph- Double p\u00e9dale : Acc\u00e9l\u00e9rateur et freins - Arr\u00eat automatique - Monnayeur standard - Tiroir verrouillable.","og_url":"https:\/\/www.falgas.com\/fr\/produit\/faire-du-karting-single-1-seat\/","og_site_name":"Falgas","article_publisher":"https:\/\/www.facebook.com\/falgascomercial\/","article_modified_time":"2024-02-28T15:34:49+00:00","og_image":[{"width":704,"height":640,"url":"https:\/\/www.falgas.com\/wp-content\/uploads\/2019\/05\/single_1.jpg","type":"image\/jpeg"}],"twitter_card":"summary_large_image","schema":{"@context":"https:\/\/schema.org","@graph":[{"@type":"WebPage","@id":"https:\/\/www.falgas.com\/fr\/produit\/faire-du-karting-single-1-seat\/","url":"https:\/\/www.falgas.com\/fr\/produit\/faire-du-karting-single-1-seat\/","name":"Faire du karting Single (1 seat) | Falgas","isPartOf":{"@id":"https:\/\/www.falgas.com\/fr\/#website"},"primaryImageOfPage":{"@id":"https:\/\/www.falgas.com\/fr\/produit\/faire-du-karting-single-1-seat\/#primaryimage"},"image":{"@id":"https:\/\/www.falgas.com\/fr\/produit\/faire-du-karting-single-1-seat\/#primaryimage"},"thumbnailUrl":"https:\/\/www.falgas.com\/wp-content\/uploads\/2019\/05\/single_1.jpg","datePublished":"2024-02-28T15:34:41+00:00","dateModified":"2024-02-28T15:34:49+00:00","breadcrumb":{"@id":"https:\/\/www.falgas.com\/fr\/produit\/faire-du-karting-single-1-seat\/#breadcrumb"},"inLanguage":"fr-FR","potentialAction":[{"@type":"ReadAction","target":["https:\/\/www.falgas.com\/fr\/produit\/faire-du-karting-single-1-seat\/"]}]},{"@type":"ImageObject","inLanguage":"fr-FR","@id":"https:\/\/www.falgas.com\/fr\/produit\/faire-du-karting-single-1-seat\/#primaryimage","url":"https:\/\/www.falgas.com\/wp-content\/uploads\/2019\/05\/single_1.jpg","contentUrl":"https:\/\/www.falgas.com\/wp-content\/uploads\/2019\/05\/single_1.jpg","width":704,"height":640},{"@type":"BreadcrumbList","@id":"https:\/\/www.falgas.com\/fr\/produit\/faire-du-karting-single-1-seat\/#breadcrumb","itemListElement":[{"@type":"ListItem","position":1,"name":"Portada","item":"https:\/\/www.falgas.com\/fr\/"},{"@type":"ListItem","position":2,"name":"Produits","item":"https:\/\/www.falgas.com\/productos\/"},{"@type":"ListItem","position":3,"name":"Faire du karting Single (1 seat)"}]},{"@type":"WebSite","@id":"https:\/\/www.falgas.com\/fr\/#website","url":"https:\/\/www.falgas.com\/fr\/","name":"Falgas","description":"Falgas Amusement Rides","potentialAction":[{"@type":"SearchAction","target":{"@type":"EntryPoint","urlTemplate":"https:\/\/www.falgas.com\/fr\/?s={search_term_string}"},"query-input":{"@type":"PropertyValueSpecification","valueRequired":true,"valueName":"search_term_string"}}],"inLanguage":"fr-FR"}]}},"_links":{"self":[{"href":"https:\/\/www.falgas.com\/fr\/wp-json\/wp\/v2\/product\/15037"}],"collection":[{"href":"https:\/\/www.falgas.com\/fr\/wp-json\/wp\/v2\/product"}],"about":[{"href":"https:\/\/www.falgas.com\/fr\/wp-json\/wp\/v2\/types\/product"}],"replies":[{"embeddable":true,"href":"https:\/\/www.falgas.com\/fr\/wp-json\/wp\/v2\/comments?post=15037"}],"wp:featuredmedia":[{"embeddable":true,"href":"https:\/\/www.falgas.com\/fr\/wp-json\/wp\/v2\/media\/6540"}],"wp:attachment":[{"href":"https:\/\/www.falgas.com\/fr\/wp-json\/wp\/v2\/media?parent=15037"}],"wp:term":[{"taxonomy":"product_cat","embeddable":true,"href":"https:\/\/www.falgas.com\/fr\/wp-json\/wp\/v2\/product_cat?post=15037"},{"taxonomy":"product_tag","embeddable":true,"href":"https:\/\/www.falgas.com\/fr\/wp-json\/wp\/v2\/product_tag?post=15037"}],"curies":[{"name":"wp","href":"https:\/\/api.w.org\/{rel}","templated":true}]}}