
{"id":15011,"date":"2024-02-28T12:56:41","date_gmt":"2024-02-28T15:34:32","guid":{"rendered":"https:\/\/www.falgas.com\/producto\/jalisco-horse\/"},"modified":"2024-02-28T16:34:36","modified_gmt":"2024-02-28T15:34:36","slug":"jalisco-horse","status":"publish","type":"product","link":"https:\/\/www.falgas.com\/fr\/produit\/jalisco-horse\/","title":{"rendered":"Jalisco Horse"},"content":{"rendered":"","protected":false},"excerpt":{"rendered":"<p>Cheval \u00e0 th\u00e8me mexicain <\/p>\n<p>&#8211; Capacit\u00e9 pour 1 utilisateur<br \/>\n&#8211; Si\u00e8ge avec mesures de s\u00e9curit\u00e9 : repose-pieds, dossier, ceinture et poign\u00e9e<br \/>\n&#8211; Son et lumi\u00e8res LED.<\/p>\n","protected":false},"featured_media":890,"comment_status":"open","ping_status":"closed","template":"","meta":{"_acf_changed":false},"product_cat":[443,442],"product_tag":[],"class_list":{"0":"post-15011","1":"product","2":"type-product","3":"status-publish","4":"has-post-thumbnail","6":"product_cat-basique","7":"product_cat-maneges-enfants","9":"first","10":"instock","11":"product-type-simple"},"acf":[],"yoast_head":"<!-- This site is optimized with the Yoast SEO plugin v23.7 - https:\/\/yoast.com\/wordpress\/plugins\/seo\/ -->\n<title>Jalisco Horse | Falgas<\/title>\n<meta name=\"robots\" content=\"index, follow, max-snippet:-1, max-image-preview:large, max-video-preview:-1\" \/>\n<link rel=\"canonical\" href=\"https:\/\/www.falgas.com\/fr\/produit\/jalisco-horse\/\" \/>\n<meta property=\"og:locale\" content=\"fr_FR\" \/>\n<meta property=\"og:type\" content=\"article\" \/>\n<meta property=\"og:title\" content=\"Jalisco Horse | Falgas\" \/>\n<meta property=\"og:description\" content=\"Cheval \u00e0 th\u00e8me mexicain  - Capacit\u00e9 pour 1 utilisateur - Si\u00e8ge avec mesures de s\u00e9curit\u00e9 : repose-pieds, dossier, ceinture et poign\u00e9e - Son et lumi\u00e8res LED.\" \/>\n<meta property=\"og:url\" content=\"https:\/\/www.falgas.com\/fr\/produit\/jalisco-horse\/\" \/>\n<meta property=\"og:site_name\" content=\"Falgas\" \/>\n<meta property=\"article:publisher\" content=\"https:\/\/www.facebook.com\/falgascomercial\/\" \/>\n<meta property=\"article:modified_time\" content=\"2024-02-28T15:34:36+00:00\" \/>\n<meta property=\"og:image\" content=\"https:\/\/www.falgas.com\/wp-content\/uploads\/2019\/05\/jaliscohorse_2.png\" \/>\n\t<meta property=\"og:image:width\" content=\"600\" \/>\n\t<meta property=\"og:image:height\" content=\"600\" \/>\n\t<meta property=\"og:image:type\" content=\"image\/png\" \/>\n<meta name=\"twitter:card\" content=\"summary_large_image\" \/>\n<script type=\"application\/ld+json\" class=\"yoast-schema-graph\">{\"@context\":\"https:\/\/schema.org\",\"@graph\":[{\"@type\":\"WebPage\",\"@id\":\"https:\/\/www.falgas.com\/fr\/produit\/jalisco-horse\/\",\"url\":\"https:\/\/www.falgas.com\/fr\/produit\/jalisco-horse\/\",\"name\":\"Jalisco Horse | Falgas\",\"isPartOf\":{\"@id\":\"https:\/\/www.falgas.com\/fr\/#website\"},\"primaryImageOfPage\":{\"@id\":\"https:\/\/www.falgas.com\/fr\/produit\/jalisco-horse\/#primaryimage\"},\"image\":{\"@id\":\"https:\/\/www.falgas.com\/fr\/produit\/jalisco-horse\/#primaryimage\"},\"thumbnailUrl\":\"https:\/\/www.falgas.com\/wp-content\/uploads\/2019\/05\/jaliscohorse_2.png\",\"datePublished\":\"2024-02-28T15:34:32+00:00\",\"dateModified\":\"2024-02-28T15:34:36+00:00\",\"breadcrumb\":{\"@id\":\"https:\/\/www.falgas.com\/fr\/produit\/jalisco-horse\/#breadcrumb\"},\"inLanguage\":\"fr-FR\",\"potentialAction\":[{\"@type\":\"ReadAction\",\"target\":[\"https:\/\/www.falgas.com\/fr\/produit\/jalisco-horse\/\"]}]},{\"@type\":\"ImageObject\",\"inLanguage\":\"fr-FR\",\"@id\":\"https:\/\/www.falgas.com\/fr\/produit\/jalisco-horse\/#primaryimage\",\"url\":\"https:\/\/www.falgas.com\/wp-content\/uploads\/2019\/05\/jaliscohorse_2.png\",\"contentUrl\":\"https:\/\/www.falgas.com\/wp-content\/uploads\/2019\/05\/jaliscohorse_2.png\",\"width\":600,\"height\":600,\"caption\":\"Caballo Jalisco\"},{\"@type\":\"BreadcrumbList\",\"@id\":\"https:\/\/www.falgas.com\/fr\/produit\/jalisco-horse\/#breadcrumb\",\"itemListElement\":[{\"@type\":\"ListItem\",\"position\":1,\"name\":\"Portada\",\"item\":\"https:\/\/www.falgas.com\/fr\/\"},{\"@type\":\"ListItem\",\"position\":2,\"name\":\"Produits\",\"item\":\"https:\/\/www.falgas.com\/productos\/\"},{\"@type\":\"ListItem\",\"position\":3,\"name\":\"Jalisco Horse\"}]},{\"@type\":\"WebSite\",\"@id\":\"https:\/\/www.falgas.com\/fr\/#website\",\"url\":\"https:\/\/www.falgas.com\/fr\/\",\"name\":\"Falgas\",\"description\":\"Falgas Amusement Rides\",\"potentialAction\":[{\"@type\":\"SearchAction\",\"target\":{\"@type\":\"EntryPoint\",\"urlTemplate\":\"https:\/\/www.falgas.com\/fr\/?s={search_term_string}\"},\"query-input\":{\"@type\":\"PropertyValueSpecification\",\"valueRequired\":true,\"valueName\":\"search_term_string\"}}],\"inLanguage\":\"fr-FR\"}]}<\/script>\n<!-- \/ Yoast SEO plugin. -->","yoast_head_json":{"title":"Jalisco Horse | Falgas","robots":{"index":"index","follow":"follow","max-snippet":"max-snippet:-1","max-image-preview":"max-image-preview:large","max-video-preview":"max-video-preview:-1"},"canonical":"https:\/\/www.falgas.com\/fr\/produit\/jalisco-horse\/","og_locale":"fr_FR","og_type":"article","og_title":"Jalisco Horse | Falgas","og_description":"Cheval \u00e0 th\u00e8me mexicain  - Capacit\u00e9 pour 1 utilisateur - Si\u00e8ge avec mesures de s\u00e9curit\u00e9 : repose-pieds, dossier, ceinture et poign\u00e9e - Son et lumi\u00e8res LED.","og_url":"https:\/\/www.falgas.com\/fr\/produit\/jalisco-horse\/","og_site_name":"Falgas","article_publisher":"https:\/\/www.facebook.com\/falgascomercial\/","article_modified_time":"2024-02-28T15:34:36+00:00","og_image":[{"width":600,"height":600,"url":"https:\/\/www.falgas.com\/wp-content\/uploads\/2019\/05\/jaliscohorse_2.png","type":"image\/png"}],"twitter_card":"summary_large_image","schema":{"@context":"https:\/\/schema.org","@graph":[{"@type":"WebPage","@id":"https:\/\/www.falgas.com\/fr\/produit\/jalisco-horse\/","url":"https:\/\/www.falgas.com\/fr\/produit\/jalisco-horse\/","name":"Jalisco Horse | Falgas","isPartOf":{"@id":"https:\/\/www.falgas.com\/fr\/#website"},"primaryImageOfPage":{"@id":"https:\/\/www.falgas.com\/fr\/produit\/jalisco-horse\/#primaryimage"},"image":{"@id":"https:\/\/www.falgas.com\/fr\/produit\/jalisco-horse\/#primaryimage"},"thumbnailUrl":"https:\/\/www.falgas.com\/wp-content\/uploads\/2019\/05\/jaliscohorse_2.png","datePublished":"2024-02-28T15:34:32+00:00","dateModified":"2024-02-28T15:34:36+00:00","breadcrumb":{"@id":"https:\/\/www.falgas.com\/fr\/produit\/jalisco-horse\/#breadcrumb"},"inLanguage":"fr-FR","potentialAction":[{"@type":"ReadAction","target":["https:\/\/www.falgas.com\/fr\/produit\/jalisco-horse\/"]}]},{"@type":"ImageObject","inLanguage":"fr-FR","@id":"https:\/\/www.falgas.com\/fr\/produit\/jalisco-horse\/#primaryimage","url":"https:\/\/www.falgas.com\/wp-content\/uploads\/2019\/05\/jaliscohorse_2.png","contentUrl":"https:\/\/www.falgas.com\/wp-content\/uploads\/2019\/05\/jaliscohorse_2.png","width":600,"height":600,"caption":"Caballo Jalisco"},{"@type":"BreadcrumbList","@id":"https:\/\/www.falgas.com\/fr\/produit\/jalisco-horse\/#breadcrumb","itemListElement":[{"@type":"ListItem","position":1,"name":"Portada","item":"https:\/\/www.falgas.com\/fr\/"},{"@type":"ListItem","position":2,"name":"Produits","item":"https:\/\/www.falgas.com\/productos\/"},{"@type":"ListItem","position":3,"name":"Jalisco Horse"}]},{"@type":"WebSite","@id":"https:\/\/www.falgas.com\/fr\/#website","url":"https:\/\/www.falgas.com\/fr\/","name":"Falgas","description":"Falgas Amusement Rides","potentialAction":[{"@type":"SearchAction","target":{"@type":"EntryPoint","urlTemplate":"https:\/\/www.falgas.com\/fr\/?s={search_term_string}"},"query-input":{"@type":"PropertyValueSpecification","valueRequired":true,"valueName":"search_term_string"}}],"inLanguage":"fr-FR"}]}},"_links":{"self":[{"href":"https:\/\/www.falgas.com\/fr\/wp-json\/wp\/v2\/product\/15011"}],"collection":[{"href":"https:\/\/www.falgas.com\/fr\/wp-json\/wp\/v2\/product"}],"about":[{"href":"https:\/\/www.falgas.com\/fr\/wp-json\/wp\/v2\/types\/product"}],"replies":[{"embeddable":true,"href":"https:\/\/www.falgas.com\/fr\/wp-json\/wp\/v2\/comments?post=15011"}],"wp:featuredmedia":[{"embeddable":true,"href":"https:\/\/www.falgas.com\/fr\/wp-json\/wp\/v2\/media\/890"}],"wp:attachment":[{"href":"https:\/\/www.falgas.com\/fr\/wp-json\/wp\/v2\/media?parent=15011"}],"wp:term":[{"taxonomy":"product_cat","embeddable":true,"href":"https:\/\/www.falgas.com\/fr\/wp-json\/wp\/v2\/product_cat?post=15011"},{"taxonomy":"product_tag","embeddable":true,"href":"https:\/\/www.falgas.com\/fr\/wp-json\/wp\/v2\/product_tag?post=15011"}],"curies":[{"name":"wp","href":"https:\/\/api.w.org\/{rel}","templated":true}]}}