
{"id":14997,"date":"2024-02-28T12:56:32","date_gmt":"2024-02-28T15:33:43","guid":{"rendered":"https:\/\/www.falgas.com\/producto\/sky-rescue-evolution\/"},"modified":"2024-09-18T20:10:57","modified_gmt":"2024-09-18T18:10:57","slug":"sky-rescue-evolution","status":"publish","type":"product","link":"https:\/\/www.falgas.com\/fr\/produit\/sky-rescue-evolution\/","title":{"rendered":"Sky Rescue Evolution"},"content":{"rendered":"","protected":false},"excerpt":{"rendered":"<p>H\u00e9licopt\u00e8re avec mouvement d\u2019\u00e9l\u00e9vation:<\/p>\n<p>&#8211; Capacit\u00e9 pour 2 utilisateurs.<br \/>\n&#8211; Lumi\u00e8res LED.<br \/>\n&#8211; Son.<br \/>\n&#8211; Tapis de s\u00e9curit\u00e9.<br \/>\n&#8211; Ceintures de s\u00e9curit\u00e9.<\/p>\n","protected":false},"featured_media":714,"comment_status":"open","ping_status":"closed","template":"","meta":{"_acf_changed":false},"product_cat":[447,442],"product_tag":[],"class_list":{"0":"post-14997","1":"product","2":"type-product","3":"status-publish","4":"has-post-thumbnail","6":"product_cat-ascenseurs","7":"product_cat-maneges-enfants","9":"first","10":"instock","11":"product-type-simple"},"acf":[],"yoast_head":"<!-- This site is optimized with the Yoast SEO plugin v23.7 - https:\/\/yoast.com\/wordpress\/plugins\/seo\/ -->\n<title>Sky Rescue Evolution | Falgas<\/title>\n<meta name=\"robots\" content=\"index, follow, max-snippet:-1, max-image-preview:large, max-video-preview:-1\" \/>\n<link rel=\"canonical\" href=\"https:\/\/www.falgas.com\/fr\/produit\/sky-rescue-evolution\/\" \/>\n<meta property=\"og:locale\" content=\"fr_FR\" \/>\n<meta property=\"og:type\" content=\"article\" \/>\n<meta property=\"og:title\" content=\"Sky Rescue Evolution | Falgas\" \/>\n<meta property=\"og:description\" content=\"H\u00e9licopt\u00e8re avec mouvement d\u2019\u00e9l\u00e9vation:  - Capacit\u00e9 pour 2 utilisateurs. - Lumi\u00e8res LED. - Son. - Tapis de s\u00e9curit\u00e9. - Ceintures de s\u00e9curit\u00e9.\" \/>\n<meta property=\"og:url\" content=\"https:\/\/www.falgas.com\/fr\/produit\/sky-rescue-evolution\/\" \/>\n<meta property=\"og:site_name\" content=\"Falgas\" \/>\n<meta property=\"article:publisher\" content=\"https:\/\/www.facebook.com\/falgascomercial\/\" \/>\n<meta property=\"article:modified_time\" content=\"2024-09-18T18:10:57+00:00\" \/>\n<meta property=\"og:image\" content=\"https:\/\/www.falgas.com\/wp-content\/uploads\/2019\/05\/skyrescue_2.png\" \/>\n\t<meta property=\"og:image:width\" content=\"600\" \/>\n\t<meta property=\"og:image:height\" content=\"600\" \/>\n\t<meta property=\"og:image:type\" content=\"image\/png\" \/>\n<meta name=\"twitter:card\" content=\"summary_large_image\" \/>\n<script type=\"application\/ld+json\" class=\"yoast-schema-graph\">{\"@context\":\"https:\/\/schema.org\",\"@graph\":[{\"@type\":\"WebPage\",\"@id\":\"https:\/\/www.falgas.com\/fr\/produit\/sky-rescue-evolution\/\",\"url\":\"https:\/\/www.falgas.com\/fr\/produit\/sky-rescue-evolution\/\",\"name\":\"Sky Rescue Evolution | Falgas\",\"isPartOf\":{\"@id\":\"https:\/\/www.falgas.com\/fr\/#website\"},\"primaryImageOfPage\":{\"@id\":\"https:\/\/www.falgas.com\/fr\/produit\/sky-rescue-evolution\/#primaryimage\"},\"image\":{\"@id\":\"https:\/\/www.falgas.com\/fr\/produit\/sky-rescue-evolution\/#primaryimage\"},\"thumbnailUrl\":\"https:\/\/www.falgas.com\/wp-content\/uploads\/2019\/05\/skyrescue_2.png\",\"datePublished\":\"2024-02-28T15:33:43+00:00\",\"dateModified\":\"2024-09-18T18:10:57+00:00\",\"breadcrumb\":{\"@id\":\"https:\/\/www.falgas.com\/fr\/produit\/sky-rescue-evolution\/#breadcrumb\"},\"inLanguage\":\"fr-FR\",\"potentialAction\":[{\"@type\":\"ReadAction\",\"target\":[\"https:\/\/www.falgas.com\/fr\/produit\/sky-rescue-evolution\/\"]}]},{\"@type\":\"ImageObject\",\"inLanguage\":\"fr-FR\",\"@id\":\"https:\/\/www.falgas.com\/fr\/produit\/sky-rescue-evolution\/#primaryimage\",\"url\":\"https:\/\/www.falgas.com\/wp-content\/uploads\/2019\/05\/skyrescue_2.png\",\"contentUrl\":\"https:\/\/www.falgas.com\/wp-content\/uploads\/2019\/05\/skyrescue_2.png\",\"width\":600,\"height\":600,\"caption\":\"Sky Rescue Evolution\"},{\"@type\":\"BreadcrumbList\",\"@id\":\"https:\/\/www.falgas.com\/fr\/produit\/sky-rescue-evolution\/#breadcrumb\",\"itemListElement\":[{\"@type\":\"ListItem\",\"position\":1,\"name\":\"Portada\",\"item\":\"https:\/\/www.falgas.com\/fr\/\"},{\"@type\":\"ListItem\",\"position\":2,\"name\":\"Produits\",\"item\":\"https:\/\/www.falgas.com\/productos\/\"},{\"@type\":\"ListItem\",\"position\":3,\"name\":\"Sky Rescue Evolution\"}]},{\"@type\":\"WebSite\",\"@id\":\"https:\/\/www.falgas.com\/fr\/#website\",\"url\":\"https:\/\/www.falgas.com\/fr\/\",\"name\":\"Falgas\",\"description\":\"Falgas Amusement Rides\",\"potentialAction\":[{\"@type\":\"SearchAction\",\"target\":{\"@type\":\"EntryPoint\",\"urlTemplate\":\"https:\/\/www.falgas.com\/fr\/?s={search_term_string}\"},\"query-input\":{\"@type\":\"PropertyValueSpecification\",\"valueRequired\":true,\"valueName\":\"search_term_string\"}}],\"inLanguage\":\"fr-FR\"}]}<\/script>\n<!-- \/ Yoast SEO plugin. -->","yoast_head_json":{"title":"Sky Rescue Evolution | Falgas","robots":{"index":"index","follow":"follow","max-snippet":"max-snippet:-1","max-image-preview":"max-image-preview:large","max-video-preview":"max-video-preview:-1"},"canonical":"https:\/\/www.falgas.com\/fr\/produit\/sky-rescue-evolution\/","og_locale":"fr_FR","og_type":"article","og_title":"Sky Rescue Evolution | Falgas","og_description":"H\u00e9licopt\u00e8re avec mouvement d\u2019\u00e9l\u00e9vation:  - Capacit\u00e9 pour 2 utilisateurs. - Lumi\u00e8res LED. - Son. - Tapis de s\u00e9curit\u00e9. - Ceintures de s\u00e9curit\u00e9.","og_url":"https:\/\/www.falgas.com\/fr\/produit\/sky-rescue-evolution\/","og_site_name":"Falgas","article_publisher":"https:\/\/www.facebook.com\/falgascomercial\/","article_modified_time":"2024-09-18T18:10:57+00:00","og_image":[{"width":600,"height":600,"url":"https:\/\/www.falgas.com\/wp-content\/uploads\/2019\/05\/skyrescue_2.png","type":"image\/png"}],"twitter_card":"summary_large_image","schema":{"@context":"https:\/\/schema.org","@graph":[{"@type":"WebPage","@id":"https:\/\/www.falgas.com\/fr\/produit\/sky-rescue-evolution\/","url":"https:\/\/www.falgas.com\/fr\/produit\/sky-rescue-evolution\/","name":"Sky Rescue Evolution | Falgas","isPartOf":{"@id":"https:\/\/www.falgas.com\/fr\/#website"},"primaryImageOfPage":{"@id":"https:\/\/www.falgas.com\/fr\/produit\/sky-rescue-evolution\/#primaryimage"},"image":{"@id":"https:\/\/www.falgas.com\/fr\/produit\/sky-rescue-evolution\/#primaryimage"},"thumbnailUrl":"https:\/\/www.falgas.com\/wp-content\/uploads\/2019\/05\/skyrescue_2.png","datePublished":"2024-02-28T15:33:43+00:00","dateModified":"2024-09-18T18:10:57+00:00","breadcrumb":{"@id":"https:\/\/www.falgas.com\/fr\/produit\/sky-rescue-evolution\/#breadcrumb"},"inLanguage":"fr-FR","potentialAction":[{"@type":"ReadAction","target":["https:\/\/www.falgas.com\/fr\/produit\/sky-rescue-evolution\/"]}]},{"@type":"ImageObject","inLanguage":"fr-FR","@id":"https:\/\/www.falgas.com\/fr\/produit\/sky-rescue-evolution\/#primaryimage","url":"https:\/\/www.falgas.com\/wp-content\/uploads\/2019\/05\/skyrescue_2.png","contentUrl":"https:\/\/www.falgas.com\/wp-content\/uploads\/2019\/05\/skyrescue_2.png","width":600,"height":600,"caption":"Sky Rescue Evolution"},{"@type":"BreadcrumbList","@id":"https:\/\/www.falgas.com\/fr\/produit\/sky-rescue-evolution\/#breadcrumb","itemListElement":[{"@type":"ListItem","position":1,"name":"Portada","item":"https:\/\/www.falgas.com\/fr\/"},{"@type":"ListItem","position":2,"name":"Produits","item":"https:\/\/www.falgas.com\/productos\/"},{"@type":"ListItem","position":3,"name":"Sky Rescue Evolution"}]},{"@type":"WebSite","@id":"https:\/\/www.falgas.com\/fr\/#website","url":"https:\/\/www.falgas.com\/fr\/","name":"Falgas","description":"Falgas Amusement Rides","potentialAction":[{"@type":"SearchAction","target":{"@type":"EntryPoint","urlTemplate":"https:\/\/www.falgas.com\/fr\/?s={search_term_string}"},"query-input":{"@type":"PropertyValueSpecification","valueRequired":true,"valueName":"search_term_string"}}],"inLanguage":"fr-FR"}]}},"_links":{"self":[{"href":"https:\/\/www.falgas.com\/fr\/wp-json\/wp\/v2\/product\/14997"}],"collection":[{"href":"https:\/\/www.falgas.com\/fr\/wp-json\/wp\/v2\/product"}],"about":[{"href":"https:\/\/www.falgas.com\/fr\/wp-json\/wp\/v2\/types\/product"}],"replies":[{"embeddable":true,"href":"https:\/\/www.falgas.com\/fr\/wp-json\/wp\/v2\/comments?post=14997"}],"wp:featuredmedia":[{"embeddable":true,"href":"https:\/\/www.falgas.com\/fr\/wp-json\/wp\/v2\/media\/714"}],"wp:attachment":[{"href":"https:\/\/www.falgas.com\/fr\/wp-json\/wp\/v2\/media?parent=14997"}],"wp:term":[{"taxonomy":"product_cat","embeddable":true,"href":"https:\/\/www.falgas.com\/fr\/wp-json\/wp\/v2\/product_cat?post=14997"},{"taxonomy":"product_tag","embeddable":true,"href":"https:\/\/www.falgas.com\/fr\/wp-json\/wp\/v2\/product_tag?post=14997"}],"curies":[{"name":"wp","href":"https:\/\/api.w.org\/{rel}","templated":true}]}}