
{"id":14992,"date":"2024-02-28T12:56:32","date_gmt":"2024-02-28T15:33:43","guid":{"rendered":"https:\/\/www.falgas.com\/producto\/circus-truck\/"},"modified":"2024-09-21T11:09:13","modified_gmt":"2024-09-21T09:09:13","slug":"circus-truck","status":"publish","type":"product","link":"https:\/\/www.falgas.com\/fr\/produit\/circus-truck\/","title":{"rendered":"Circus Truck"},"content":{"rendered":"","protected":false},"excerpt":{"rendered":"<p>Fantastique v\u00e9hicule de cirque avec des d\u00e9tails de haute qualit\u00e9.<\/p>\n<p>&#8211; Capacit\u00e9 pour 3 utilisateurs.<br \/>\n&#8211; Panneau avec des boutons sonores interactifs.<br \/>\n&#8211; Haut niveau d&rsquo;interactivit\u00e9.<br \/>\n&#8211; Lumi\u00e8res LED.<br \/>\n&#8211; Son.<\/p>\n","protected":false},"featured_media":628,"comment_status":"open","ping_status":"closed","template":"","meta":{"_acf_changed":false},"product_cat":[443,442],"product_tag":[],"class_list":{"0":"post-14992","1":"product","2":"type-product","3":"status-publish","4":"has-post-thumbnail","6":"product_cat-basique","7":"product_cat-maneges-enfants","9":"first","10":"instock","11":"product-type-simple"},"acf":[],"yoast_head":"<!-- This site is optimized with the Yoast SEO plugin v23.7 - https:\/\/yoast.com\/wordpress\/plugins\/seo\/ -->\n<title>Circus Truck | Falgas<\/title>\n<meta name=\"robots\" content=\"index, follow, max-snippet:-1, max-image-preview:large, max-video-preview:-1\" \/>\n<link rel=\"canonical\" href=\"https:\/\/www.falgas.com\/fr\/produit\/circus-truck\/\" \/>\n<meta property=\"og:locale\" content=\"fr_FR\" \/>\n<meta property=\"og:type\" content=\"article\" \/>\n<meta property=\"og:title\" content=\"Circus Truck | Falgas\" \/>\n<meta property=\"og:description\" content=\"Fantastique v\u00e9hicule de cirque avec des d\u00e9tails de haute qualit\u00e9.  - Capacit\u00e9 pour 3 utilisateurs. - Panneau avec des boutons sonores interactifs. - Haut niveau d&#039;interactivit\u00e9. - Lumi\u00e8res LED. - Son.\" \/>\n<meta property=\"og:url\" content=\"https:\/\/www.falgas.com\/fr\/produit\/circus-truck\/\" \/>\n<meta property=\"og:site_name\" content=\"Falgas\" \/>\n<meta property=\"article:publisher\" content=\"https:\/\/www.facebook.com\/falgascomercial\/\" \/>\n<meta property=\"article:modified_time\" content=\"2024-09-21T09:09:13+00:00\" \/>\n<meta property=\"og:image\" content=\"https:\/\/www.falgas.com\/wp-content\/uploads\/2019\/05\/circustruck_2.png\" \/>\n\t<meta property=\"og:image:width\" content=\"600\" \/>\n\t<meta property=\"og:image:height\" content=\"600\" \/>\n\t<meta property=\"og:image:type\" content=\"image\/png\" \/>\n<meta name=\"twitter:card\" content=\"summary_large_image\" \/>\n<script type=\"application\/ld+json\" class=\"yoast-schema-graph\">{\"@context\":\"https:\/\/schema.org\",\"@graph\":[{\"@type\":\"WebPage\",\"@id\":\"https:\/\/www.falgas.com\/fr\/produit\/circus-truck\/\",\"url\":\"https:\/\/www.falgas.com\/fr\/produit\/circus-truck\/\",\"name\":\"Circus Truck | Falgas\",\"isPartOf\":{\"@id\":\"https:\/\/www.falgas.com\/fr\/#website\"},\"primaryImageOfPage\":{\"@id\":\"https:\/\/www.falgas.com\/fr\/produit\/circus-truck\/#primaryimage\"},\"image\":{\"@id\":\"https:\/\/www.falgas.com\/fr\/produit\/circus-truck\/#primaryimage\"},\"thumbnailUrl\":\"https:\/\/www.falgas.com\/wp-content\/uploads\/2019\/05\/circustruck_2.png\",\"datePublished\":\"2024-02-28T15:33:43+00:00\",\"dateModified\":\"2024-09-21T09:09:13+00:00\",\"breadcrumb\":{\"@id\":\"https:\/\/www.falgas.com\/fr\/produit\/circus-truck\/#breadcrumb\"},\"inLanguage\":\"fr-FR\",\"potentialAction\":[{\"@type\":\"ReadAction\",\"target\":[\"https:\/\/www.falgas.com\/fr\/produit\/circus-truck\/\"]}]},{\"@type\":\"ImageObject\",\"inLanguage\":\"fr-FR\",\"@id\":\"https:\/\/www.falgas.com\/fr\/produit\/circus-truck\/#primaryimage\",\"url\":\"https:\/\/www.falgas.com\/wp-content\/uploads\/2019\/05\/circustruck_2.png\",\"contentUrl\":\"https:\/\/www.falgas.com\/wp-content\/uploads\/2019\/05\/circustruck_2.png\",\"width\":600,\"height\":600,\"caption\":\"Circus Truck\"},{\"@type\":\"BreadcrumbList\",\"@id\":\"https:\/\/www.falgas.com\/fr\/produit\/circus-truck\/#breadcrumb\",\"itemListElement\":[{\"@type\":\"ListItem\",\"position\":1,\"name\":\"Portada\",\"item\":\"https:\/\/www.falgas.com\/fr\/\"},{\"@type\":\"ListItem\",\"position\":2,\"name\":\"Produits\",\"item\":\"https:\/\/www.falgas.com\/productos\/\"},{\"@type\":\"ListItem\",\"position\":3,\"name\":\"Circus Truck\"}]},{\"@type\":\"WebSite\",\"@id\":\"https:\/\/www.falgas.com\/fr\/#website\",\"url\":\"https:\/\/www.falgas.com\/fr\/\",\"name\":\"Falgas\",\"description\":\"Falgas Amusement Rides\",\"potentialAction\":[{\"@type\":\"SearchAction\",\"target\":{\"@type\":\"EntryPoint\",\"urlTemplate\":\"https:\/\/www.falgas.com\/fr\/?s={search_term_string}\"},\"query-input\":{\"@type\":\"PropertyValueSpecification\",\"valueRequired\":true,\"valueName\":\"search_term_string\"}}],\"inLanguage\":\"fr-FR\"}]}<\/script>\n<!-- \/ Yoast SEO plugin. -->","yoast_head_json":{"title":"Circus Truck | Falgas","robots":{"index":"index","follow":"follow","max-snippet":"max-snippet:-1","max-image-preview":"max-image-preview:large","max-video-preview":"max-video-preview:-1"},"canonical":"https:\/\/www.falgas.com\/fr\/produit\/circus-truck\/","og_locale":"fr_FR","og_type":"article","og_title":"Circus Truck | Falgas","og_description":"Fantastique v\u00e9hicule de cirque avec des d\u00e9tails de haute qualit\u00e9.  - Capacit\u00e9 pour 3 utilisateurs. - Panneau avec des boutons sonores interactifs. - Haut niveau d'interactivit\u00e9. - Lumi\u00e8res LED. - Son.","og_url":"https:\/\/www.falgas.com\/fr\/produit\/circus-truck\/","og_site_name":"Falgas","article_publisher":"https:\/\/www.facebook.com\/falgascomercial\/","article_modified_time":"2024-09-21T09:09:13+00:00","og_image":[{"width":600,"height":600,"url":"https:\/\/www.falgas.com\/wp-content\/uploads\/2019\/05\/circustruck_2.png","type":"image\/png"}],"twitter_card":"summary_large_image","schema":{"@context":"https:\/\/schema.org","@graph":[{"@type":"WebPage","@id":"https:\/\/www.falgas.com\/fr\/produit\/circus-truck\/","url":"https:\/\/www.falgas.com\/fr\/produit\/circus-truck\/","name":"Circus Truck | Falgas","isPartOf":{"@id":"https:\/\/www.falgas.com\/fr\/#website"},"primaryImageOfPage":{"@id":"https:\/\/www.falgas.com\/fr\/produit\/circus-truck\/#primaryimage"},"image":{"@id":"https:\/\/www.falgas.com\/fr\/produit\/circus-truck\/#primaryimage"},"thumbnailUrl":"https:\/\/www.falgas.com\/wp-content\/uploads\/2019\/05\/circustruck_2.png","datePublished":"2024-02-28T15:33:43+00:00","dateModified":"2024-09-21T09:09:13+00:00","breadcrumb":{"@id":"https:\/\/www.falgas.com\/fr\/produit\/circus-truck\/#breadcrumb"},"inLanguage":"fr-FR","potentialAction":[{"@type":"ReadAction","target":["https:\/\/www.falgas.com\/fr\/produit\/circus-truck\/"]}]},{"@type":"ImageObject","inLanguage":"fr-FR","@id":"https:\/\/www.falgas.com\/fr\/produit\/circus-truck\/#primaryimage","url":"https:\/\/www.falgas.com\/wp-content\/uploads\/2019\/05\/circustruck_2.png","contentUrl":"https:\/\/www.falgas.com\/wp-content\/uploads\/2019\/05\/circustruck_2.png","width":600,"height":600,"caption":"Circus Truck"},{"@type":"BreadcrumbList","@id":"https:\/\/www.falgas.com\/fr\/produit\/circus-truck\/#breadcrumb","itemListElement":[{"@type":"ListItem","position":1,"name":"Portada","item":"https:\/\/www.falgas.com\/fr\/"},{"@type":"ListItem","position":2,"name":"Produits","item":"https:\/\/www.falgas.com\/productos\/"},{"@type":"ListItem","position":3,"name":"Circus Truck"}]},{"@type":"WebSite","@id":"https:\/\/www.falgas.com\/fr\/#website","url":"https:\/\/www.falgas.com\/fr\/","name":"Falgas","description":"Falgas Amusement Rides","potentialAction":[{"@type":"SearchAction","target":{"@type":"EntryPoint","urlTemplate":"https:\/\/www.falgas.com\/fr\/?s={search_term_string}"},"query-input":{"@type":"PropertyValueSpecification","valueRequired":true,"valueName":"search_term_string"}}],"inLanguage":"fr-FR"}]}},"_links":{"self":[{"href":"https:\/\/www.falgas.com\/fr\/wp-json\/wp\/v2\/product\/14992"}],"collection":[{"href":"https:\/\/www.falgas.com\/fr\/wp-json\/wp\/v2\/product"}],"about":[{"href":"https:\/\/www.falgas.com\/fr\/wp-json\/wp\/v2\/types\/product"}],"replies":[{"embeddable":true,"href":"https:\/\/www.falgas.com\/fr\/wp-json\/wp\/v2\/comments?post=14992"}],"wp:featuredmedia":[{"embeddable":true,"href":"https:\/\/www.falgas.com\/fr\/wp-json\/wp\/v2\/media\/628"}],"wp:attachment":[{"href":"https:\/\/www.falgas.com\/fr\/wp-json\/wp\/v2\/media?parent=14992"}],"wp:term":[{"taxonomy":"product_cat","embeddable":true,"href":"https:\/\/www.falgas.com\/fr\/wp-json\/wp\/v2\/product_cat?post=14992"},{"taxonomy":"product_tag","embeddable":true,"href":"https:\/\/www.falgas.com\/fr\/wp-json\/wp\/v2\/product_tag?post=14992"}],"curies":[{"name":"wp","href":"https:\/\/api.w.org\/{rel}","templated":true}]}}