
{"id":14981,"date":"2024-02-28T12:56:32","date_gmt":"2024-02-28T15:33:43","guid":{"rendered":"https:\/\/www.falgas.com\/producto\/speed-tracer\/"},"modified":"2024-10-01T11:15:24","modified_gmt":"2024-10-01T09:15:24","slug":"police-drone","status":"publish","type":"product","link":"https:\/\/www.falgas.com\/fr\/produit\/police-drone\/","title":{"rendered":"Police Drone"},"content":{"rendered":"","protected":false},"excerpt":{"rendered":"<p>V\u00e9hicule de course \u00e9lectrom\u00e9canique futuriste avec mouvement d&rsquo;\u00e9l\u00e9vation.<\/p>\n<p>&#8211; Capacit\u00e9 pour 2 utilisateurs.<br \/>\n&#8211; Ecran 17&Prime; avec ratio 16:9.<br \/>\n&#8211; Jeu vid\u00e9o comp\u00e9titif pour 1 ou 2 joueurs : Speed Tracer.<br \/>\n&#8211; 2 ceintures de s\u00e9curit\u00e9.<br \/>\n&#8211; Tapis de s\u00e9curit\u00e9.<br \/>\n&#8211; Peinture haute r\u00e9sistance.<br \/>\n&#8211; Contr\u00f4leur de bande LED RGB<br \/>\n&#8211; Effet de lumi\u00e8re.<br \/>\n&#8211; Son.<\/p>\n","protected":false},"featured_media":15675,"comment_status":"open","ping_status":"closed","template":"","meta":{"_acf_changed":false},"product_cat":[447,518,442,448],"product_tag":[],"class_list":{"0":"post-14981","1":"product","2":"type-product","3":"status-publish","4":"has-post-thumbnail","6":"product_cat-ascenseurs","7":"product_cat-avec-ecran-fr","8":"product_cat-maneges-enfants","9":"product_cat-nouveautes","11":"first","12":"instock","13":"product-type-simple"},"acf":[],"yoast_head":"<!-- This site is optimized with the Yoast SEO plugin v23.7 - https:\/\/yoast.com\/wordpress\/plugins\/seo\/ -->\n<title>Police Drone | Falgas<\/title>\n<meta name=\"robots\" content=\"index, follow, max-snippet:-1, max-image-preview:large, max-video-preview:-1\" \/>\n<link rel=\"canonical\" href=\"https:\/\/www.falgas.com\/fr\/produit\/police-drone\/\" \/>\n<meta property=\"og:locale\" content=\"fr_FR\" \/>\n<meta property=\"og:type\" content=\"article\" \/>\n<meta property=\"og:title\" content=\"Police Drone | Falgas\" \/>\n<meta property=\"og:description\" content=\"V\u00e9hicule de course \u00e9lectrom\u00e9canique futuriste avec mouvement d&#039;\u00e9l\u00e9vation.  - Capacit\u00e9 pour 2 utilisateurs. - Ecran 17&quot; avec ratio 16:9. - Jeu vid\u00e9o comp\u00e9titif pour 1 ou 2 joueurs : Speed Tracer. - 2 ceintures de s\u00e9curit\u00e9. - Tapis de s\u00e9curit\u00e9. - Peinture haute r\u00e9sistance. - Contr\u00f4leur de bande LED RGB - Effet de lumi\u00e8re. - Son.\" \/>\n<meta property=\"og:url\" content=\"https:\/\/www.falgas.com\/fr\/produit\/police-drone\/\" \/>\n<meta property=\"og:site_name\" content=\"Falgas\" \/>\n<meta property=\"article:publisher\" content=\"https:\/\/www.facebook.com\/falgascomercial\/\" \/>\n<meta property=\"article:modified_time\" content=\"2024-10-01T09:15:24+00:00\" \/>\n<meta property=\"og:image\" content=\"https:\/\/www.falgas.com\/wp-content\/uploads\/2024\/02\/police-drone.jpg\" \/>\n\t<meta property=\"og:image:width\" content=\"600\" \/>\n\t<meta property=\"og:image:height\" content=\"600\" \/>\n\t<meta property=\"og:image:type\" content=\"image\/jpeg\" \/>\n<meta name=\"twitter:card\" content=\"summary_large_image\" \/>\n<script type=\"application\/ld+json\" class=\"yoast-schema-graph\">{\"@context\":\"https:\/\/schema.org\",\"@graph\":[{\"@type\":\"WebPage\",\"@id\":\"https:\/\/www.falgas.com\/fr\/produit\/police-drone\/\",\"url\":\"https:\/\/www.falgas.com\/fr\/produit\/police-drone\/\",\"name\":\"Police Drone | Falgas\",\"isPartOf\":{\"@id\":\"https:\/\/www.falgas.com\/fr\/#website\"},\"primaryImageOfPage\":{\"@id\":\"https:\/\/www.falgas.com\/fr\/produit\/police-drone\/#primaryimage\"},\"image\":{\"@id\":\"https:\/\/www.falgas.com\/fr\/produit\/police-drone\/#primaryimage\"},\"thumbnailUrl\":\"https:\/\/www.falgas.com\/wp-content\/uploads\/2024\/02\/police-drone.jpg\",\"datePublished\":\"2024-02-28T15:33:43+00:00\",\"dateModified\":\"2024-10-01T09:15:24+00:00\",\"breadcrumb\":{\"@id\":\"https:\/\/www.falgas.com\/fr\/produit\/police-drone\/#breadcrumb\"},\"inLanguage\":\"fr-FR\",\"potentialAction\":[{\"@type\":\"ReadAction\",\"target\":[\"https:\/\/www.falgas.com\/fr\/produit\/police-drone\/\"]}]},{\"@type\":\"ImageObject\",\"inLanguage\":\"fr-FR\",\"@id\":\"https:\/\/www.falgas.com\/fr\/produit\/police-drone\/#primaryimage\",\"url\":\"https:\/\/www.falgas.com\/wp-content\/uploads\/2024\/02\/police-drone.jpg\",\"contentUrl\":\"https:\/\/www.falgas.com\/wp-content\/uploads\/2024\/02\/police-drone.jpg\",\"width\":600,\"height\":600},{\"@type\":\"BreadcrumbList\",\"@id\":\"https:\/\/www.falgas.com\/fr\/produit\/police-drone\/#breadcrumb\",\"itemListElement\":[{\"@type\":\"ListItem\",\"position\":1,\"name\":\"Portada\",\"item\":\"https:\/\/www.falgas.com\/fr\/\"},{\"@type\":\"ListItem\",\"position\":2,\"name\":\"Produits\",\"item\":\"https:\/\/www.falgas.com\/productos\/\"},{\"@type\":\"ListItem\",\"position\":3,\"name\":\"Police Drone\"}]},{\"@type\":\"WebSite\",\"@id\":\"https:\/\/www.falgas.com\/fr\/#website\",\"url\":\"https:\/\/www.falgas.com\/fr\/\",\"name\":\"Falgas\",\"description\":\"Falgas Amusement Rides\",\"potentialAction\":[{\"@type\":\"SearchAction\",\"target\":{\"@type\":\"EntryPoint\",\"urlTemplate\":\"https:\/\/www.falgas.com\/fr\/?s={search_term_string}\"},\"query-input\":{\"@type\":\"PropertyValueSpecification\",\"valueRequired\":true,\"valueName\":\"search_term_string\"}}],\"inLanguage\":\"fr-FR\"}]}<\/script>\n<!-- \/ Yoast SEO plugin. -->","yoast_head_json":{"title":"Police Drone | Falgas","robots":{"index":"index","follow":"follow","max-snippet":"max-snippet:-1","max-image-preview":"max-image-preview:large","max-video-preview":"max-video-preview:-1"},"canonical":"https:\/\/www.falgas.com\/fr\/produit\/police-drone\/","og_locale":"fr_FR","og_type":"article","og_title":"Police Drone | Falgas","og_description":"V\u00e9hicule de course \u00e9lectrom\u00e9canique futuriste avec mouvement d'\u00e9l\u00e9vation.  - Capacit\u00e9 pour 2 utilisateurs. - Ecran 17\" avec ratio 16:9. - Jeu vid\u00e9o comp\u00e9titif pour 1 ou 2 joueurs : Speed Tracer. - 2 ceintures de s\u00e9curit\u00e9. - Tapis de s\u00e9curit\u00e9. - Peinture haute r\u00e9sistance. - Contr\u00f4leur de bande LED RGB - Effet de lumi\u00e8re. - Son.","og_url":"https:\/\/www.falgas.com\/fr\/produit\/police-drone\/","og_site_name":"Falgas","article_publisher":"https:\/\/www.facebook.com\/falgascomercial\/","article_modified_time":"2024-10-01T09:15:24+00:00","og_image":[{"width":600,"height":600,"url":"https:\/\/www.falgas.com\/wp-content\/uploads\/2024\/02\/police-drone.jpg","type":"image\/jpeg"}],"twitter_card":"summary_large_image","schema":{"@context":"https:\/\/schema.org","@graph":[{"@type":"WebPage","@id":"https:\/\/www.falgas.com\/fr\/produit\/police-drone\/","url":"https:\/\/www.falgas.com\/fr\/produit\/police-drone\/","name":"Police Drone | Falgas","isPartOf":{"@id":"https:\/\/www.falgas.com\/fr\/#website"},"primaryImageOfPage":{"@id":"https:\/\/www.falgas.com\/fr\/produit\/police-drone\/#primaryimage"},"image":{"@id":"https:\/\/www.falgas.com\/fr\/produit\/police-drone\/#primaryimage"},"thumbnailUrl":"https:\/\/www.falgas.com\/wp-content\/uploads\/2024\/02\/police-drone.jpg","datePublished":"2024-02-28T15:33:43+00:00","dateModified":"2024-10-01T09:15:24+00:00","breadcrumb":{"@id":"https:\/\/www.falgas.com\/fr\/produit\/police-drone\/#breadcrumb"},"inLanguage":"fr-FR","potentialAction":[{"@type":"ReadAction","target":["https:\/\/www.falgas.com\/fr\/produit\/police-drone\/"]}]},{"@type":"ImageObject","inLanguage":"fr-FR","@id":"https:\/\/www.falgas.com\/fr\/produit\/police-drone\/#primaryimage","url":"https:\/\/www.falgas.com\/wp-content\/uploads\/2024\/02\/police-drone.jpg","contentUrl":"https:\/\/www.falgas.com\/wp-content\/uploads\/2024\/02\/police-drone.jpg","width":600,"height":600},{"@type":"BreadcrumbList","@id":"https:\/\/www.falgas.com\/fr\/produit\/police-drone\/#breadcrumb","itemListElement":[{"@type":"ListItem","position":1,"name":"Portada","item":"https:\/\/www.falgas.com\/fr\/"},{"@type":"ListItem","position":2,"name":"Produits","item":"https:\/\/www.falgas.com\/productos\/"},{"@type":"ListItem","position":3,"name":"Police Drone"}]},{"@type":"WebSite","@id":"https:\/\/www.falgas.com\/fr\/#website","url":"https:\/\/www.falgas.com\/fr\/","name":"Falgas","description":"Falgas Amusement Rides","potentialAction":[{"@type":"SearchAction","target":{"@type":"EntryPoint","urlTemplate":"https:\/\/www.falgas.com\/fr\/?s={search_term_string}"},"query-input":{"@type":"PropertyValueSpecification","valueRequired":true,"valueName":"search_term_string"}}],"inLanguage":"fr-FR"}]}},"_links":{"self":[{"href":"https:\/\/www.falgas.com\/fr\/wp-json\/wp\/v2\/product\/14981"}],"collection":[{"href":"https:\/\/www.falgas.com\/fr\/wp-json\/wp\/v2\/product"}],"about":[{"href":"https:\/\/www.falgas.com\/fr\/wp-json\/wp\/v2\/types\/product"}],"replies":[{"embeddable":true,"href":"https:\/\/www.falgas.com\/fr\/wp-json\/wp\/v2\/comments?post=14981"}],"wp:featuredmedia":[{"embeddable":true,"href":"https:\/\/www.falgas.com\/fr\/wp-json\/wp\/v2\/media\/15675"}],"wp:attachment":[{"href":"https:\/\/www.falgas.com\/fr\/wp-json\/wp\/v2\/media?parent=14981"}],"wp:term":[{"taxonomy":"product_cat","embeddable":true,"href":"https:\/\/www.falgas.com\/fr\/wp-json\/wp\/v2\/product_cat?post=14981"},{"taxonomy":"product_tag","embeddable":true,"href":"https:\/\/www.falgas.com\/fr\/wp-json\/wp\/v2\/product_tag?post=14981"}],"curies":[{"name":"wp","href":"https:\/\/api.w.org\/{rel}","templated":true}]}}