
{"id":15414,"date":"2024-02-28T12:56:58","date_gmt":"2024-02-29T08:24:31","guid":{"rendered":"https:\/\/www.falgas.com\/producto\/baby-tiere-safari\/"},"modified":"2024-02-29T09:24:33","modified_gmt":"2024-02-29T08:24:33","slug":"baby-tiere-safari","status":"publish","type":"product","link":"https:\/\/www.falgas.com\/de\/produkt\/baby-tiere-safari\/","title":{"rendered":"Baby Tiere Safari"},"content":{"rendered":"","protected":false},"excerpt":{"rendered":"<p>Attraktion f\u00fcr Kinder zwischen 3 und 6 Jahren, ideal f\u00fcr Einkaufszentren und kleine R\u00e4ume.<\/p>\n<p>&#8211; Kapazit\u00e4t von 1 Benutzer pro Auto.<br \/>\n&#8211; Au\u00dfen und Inneninstallation auf Betonbahnen, Asphalt oder glatten Oberfl\u00e4chen.<br \/>\n&#8211; M\u00fcnzbetrieben.<br \/>\n&#8211; 200W B\u00fcrstenmotor mit hoher Lebensdauer und minimaler Wartung.<br \/>\n&#8211; 1 Geschwindigkeit, die zur Sicherheit der Kleinen maximal 5km\/h (3mph) erreicht.<br \/>\n&#8211; Batterien mit einer Laufzeit bis zu 24 Stunden, alle 6 Stunden wieder aufladbar.<br \/>\n&#8211; Beschleunigungspedal und Stoppsensor.<br \/>\n&#8211; Frontsensor zur Vermeidung von Kollisionen.<\/p>\n","protected":false},"featured_media":7720,"comment_status":"open","ping_status":"closed","template":"","meta":{"_acf_changed":false},"product_cat":[462,463],"product_tag":[],"class_list":{"0":"post-15414","1":"product","2":"type-product","3":"status-publish","4":"has-post-thumbnail","6":"product_cat-batteriefahrzeuge","7":"product_cat-tierbabys-und-autos","9":"first","10":"instock","11":"product-type-simple"},"acf":[],"yoast_head":"<!-- This site is optimized with the Yoast SEO plugin v23.7 - https:\/\/yoast.com\/wordpress\/plugins\/seo\/ -->\n<title>Baby Tiere Safari | Falgas<\/title>\n<meta name=\"robots\" content=\"index, follow, max-snippet:-1, max-image-preview:large, max-video-preview:-1\" \/>\n<link rel=\"canonical\" href=\"https:\/\/www.falgas.com\/de\/produkt\/baby-tiere-safari\/\" \/>\n<meta property=\"og:locale\" content=\"de_DE\" \/>\n<meta property=\"og:type\" content=\"article\" \/>\n<meta property=\"og:title\" content=\"Baby Tiere Safari | Falgas\" \/>\n<meta property=\"og:description\" content=\"Attraktion f\u00fcr Kinder zwischen 3 und 6 Jahren, ideal f\u00fcr Einkaufszentren und kleine R\u00e4ume. - Kapazit\u00e4t von 1 Benutzer pro Auto. - Au\u00dfen und Inneninstallation auf Betonbahnen, Asphalt oder glatten Oberfl\u00e4chen. - M\u00fcnzbetrieben. - 200W B\u00fcrstenmotor mit hoher Lebensdauer und minimaler Wartung. - 1 Geschwindigkeit, die zur Sicherheit der Kleinen maximal 5km\/h (3mph) erreicht. - Batterien mit einer Laufzeit bis zu 24 Stunden, alle 6 Stunden wieder aufladbar. - Beschleunigungspedal und Stoppsensor. - Frontsensor zur Vermeidung von Kollisionen.\" \/>\n<meta property=\"og:url\" content=\"https:\/\/www.falgas.com\/de\/produkt\/baby-tiere-safari\/\" \/>\n<meta property=\"og:site_name\" content=\"Falgas\" \/>\n<meta property=\"article:publisher\" content=\"https:\/\/www.facebook.com\/falgascomercial\/\" \/>\n<meta property=\"article:modified_time\" content=\"2024-02-29T08:24:33+00:00\" \/>\n<meta property=\"og:image\" content=\"https:\/\/www.falgas.com\/wp-content\/uploads\/2019\/05\/babyanimals_1.png\" \/>\n\t<meta property=\"og:image:width\" content=\"600\" \/>\n\t<meta property=\"og:image:height\" content=\"600\" \/>\n\t<meta property=\"og:image:type\" content=\"image\/png\" \/>\n<meta name=\"twitter:card\" content=\"summary_large_image\" \/>\n<script type=\"application\/ld+json\" class=\"yoast-schema-graph\">{\"@context\":\"https:\/\/schema.org\",\"@graph\":[{\"@type\":\"WebPage\",\"@id\":\"https:\/\/www.falgas.com\/de\/produkt\/baby-tiere-safari\/\",\"url\":\"https:\/\/www.falgas.com\/de\/produkt\/baby-tiere-safari\/\",\"name\":\"Baby Tiere Safari | Falgas\",\"isPartOf\":{\"@id\":\"https:\/\/www.falgas.com\/de\/#website\"},\"primaryImageOfPage\":{\"@id\":\"https:\/\/www.falgas.com\/de\/produkt\/baby-tiere-safari\/#primaryimage\"},\"image\":{\"@id\":\"https:\/\/www.falgas.com\/de\/produkt\/baby-tiere-safari\/#primaryimage\"},\"thumbnailUrl\":\"https:\/\/www.falgas.com\/wp-content\/uploads\/2019\/05\/babyanimals_1.png\",\"datePublished\":\"2024-02-29T08:24:31+00:00\",\"dateModified\":\"2024-02-29T08:24:33+00:00\",\"breadcrumb\":{\"@id\":\"https:\/\/www.falgas.com\/de\/produkt\/baby-tiere-safari\/#breadcrumb\"},\"inLanguage\":\"de\",\"potentialAction\":[{\"@type\":\"ReadAction\",\"target\":[\"https:\/\/www.falgas.com\/de\/produkt\/baby-tiere-safari\/\"]}]},{\"@type\":\"ImageObject\",\"inLanguage\":\"de\",\"@id\":\"https:\/\/www.falgas.com\/de\/produkt\/baby-tiere-safari\/#primaryimage\",\"url\":\"https:\/\/www.falgas.com\/wp-content\/uploads\/2019\/05\/babyanimals_1.png\",\"contentUrl\":\"https:\/\/www.falgas.com\/wp-content\/uploads\/2019\/05\/babyanimals_1.png\",\"width\":600,\"height\":600,\"caption\":\"Baby Animals & Baby Car\"},{\"@type\":\"BreadcrumbList\",\"@id\":\"https:\/\/www.falgas.com\/de\/produkt\/baby-tiere-safari\/#breadcrumb\",\"itemListElement\":[{\"@type\":\"ListItem\",\"position\":1,\"name\":\"Portada\",\"item\":\"https:\/\/www.falgas.com\/de\/\"},{\"@type\":\"ListItem\",\"position\":2,\"name\":\"Produkte\",\"item\":\"https:\/\/www.falgas.com\/de\/produkte\/\"},{\"@type\":\"ListItem\",\"position\":3,\"name\":\"Baby Tiere Safari\"}]},{\"@type\":\"WebSite\",\"@id\":\"https:\/\/www.falgas.com\/de\/#website\",\"url\":\"https:\/\/www.falgas.com\/de\/\",\"name\":\"Falgas\",\"description\":\"Falgas Amusement Rides\",\"potentialAction\":[{\"@type\":\"SearchAction\",\"target\":{\"@type\":\"EntryPoint\",\"urlTemplate\":\"https:\/\/www.falgas.com\/de\/?s={search_term_string}\"},\"query-input\":{\"@type\":\"PropertyValueSpecification\",\"valueRequired\":true,\"valueName\":\"search_term_string\"}}],\"inLanguage\":\"de\"}]}<\/script>\n<!-- \/ Yoast SEO plugin. -->","yoast_head_json":{"title":"Baby Tiere Safari | Falgas","robots":{"index":"index","follow":"follow","max-snippet":"max-snippet:-1","max-image-preview":"max-image-preview:large","max-video-preview":"max-video-preview:-1"},"canonical":"https:\/\/www.falgas.com\/de\/produkt\/baby-tiere-safari\/","og_locale":"de_DE","og_type":"article","og_title":"Baby Tiere Safari | Falgas","og_description":"Attraktion f\u00fcr Kinder zwischen 3 und 6 Jahren, ideal f\u00fcr Einkaufszentren und kleine R\u00e4ume. - Kapazit\u00e4t von 1 Benutzer pro Auto. - Au\u00dfen und Inneninstallation auf Betonbahnen, Asphalt oder glatten Oberfl\u00e4chen. - M\u00fcnzbetrieben. - 200W B\u00fcrstenmotor mit hoher Lebensdauer und minimaler Wartung. - 1 Geschwindigkeit, die zur Sicherheit der Kleinen maximal 5km\/h (3mph) erreicht. - Batterien mit einer Laufzeit bis zu 24 Stunden, alle 6 Stunden wieder aufladbar. - Beschleunigungspedal und Stoppsensor. - Frontsensor zur Vermeidung von Kollisionen.","og_url":"https:\/\/www.falgas.com\/de\/produkt\/baby-tiere-safari\/","og_site_name":"Falgas","article_publisher":"https:\/\/www.facebook.com\/falgascomercial\/","article_modified_time":"2024-02-29T08:24:33+00:00","og_image":[{"width":600,"height":600,"url":"https:\/\/www.falgas.com\/wp-content\/uploads\/2019\/05\/babyanimals_1.png","type":"image\/png"}],"twitter_card":"summary_large_image","schema":{"@context":"https:\/\/schema.org","@graph":[{"@type":"WebPage","@id":"https:\/\/www.falgas.com\/de\/produkt\/baby-tiere-safari\/","url":"https:\/\/www.falgas.com\/de\/produkt\/baby-tiere-safari\/","name":"Baby Tiere Safari | Falgas","isPartOf":{"@id":"https:\/\/www.falgas.com\/de\/#website"},"primaryImageOfPage":{"@id":"https:\/\/www.falgas.com\/de\/produkt\/baby-tiere-safari\/#primaryimage"},"image":{"@id":"https:\/\/www.falgas.com\/de\/produkt\/baby-tiere-safari\/#primaryimage"},"thumbnailUrl":"https:\/\/www.falgas.com\/wp-content\/uploads\/2019\/05\/babyanimals_1.png","datePublished":"2024-02-29T08:24:31+00:00","dateModified":"2024-02-29T08:24:33+00:00","breadcrumb":{"@id":"https:\/\/www.falgas.com\/de\/produkt\/baby-tiere-safari\/#breadcrumb"},"inLanguage":"de","potentialAction":[{"@type":"ReadAction","target":["https:\/\/www.falgas.com\/de\/produkt\/baby-tiere-safari\/"]}]},{"@type":"ImageObject","inLanguage":"de","@id":"https:\/\/www.falgas.com\/de\/produkt\/baby-tiere-safari\/#primaryimage","url":"https:\/\/www.falgas.com\/wp-content\/uploads\/2019\/05\/babyanimals_1.png","contentUrl":"https:\/\/www.falgas.com\/wp-content\/uploads\/2019\/05\/babyanimals_1.png","width":600,"height":600,"caption":"Baby Animals & Baby Car"},{"@type":"BreadcrumbList","@id":"https:\/\/www.falgas.com\/de\/produkt\/baby-tiere-safari\/#breadcrumb","itemListElement":[{"@type":"ListItem","position":1,"name":"Portada","item":"https:\/\/www.falgas.com\/de\/"},{"@type":"ListItem","position":2,"name":"Produkte","item":"https:\/\/www.falgas.com\/de\/produkte\/"},{"@type":"ListItem","position":3,"name":"Baby Tiere Safari"}]},{"@type":"WebSite","@id":"https:\/\/www.falgas.com\/de\/#website","url":"https:\/\/www.falgas.com\/de\/","name":"Falgas","description":"Falgas Amusement Rides","potentialAction":[{"@type":"SearchAction","target":{"@type":"EntryPoint","urlTemplate":"https:\/\/www.falgas.com\/de\/?s={search_term_string}"},"query-input":{"@type":"PropertyValueSpecification","valueRequired":true,"valueName":"search_term_string"}}],"inLanguage":"de"}]}},"_links":{"self":[{"href":"https:\/\/www.falgas.com\/de\/wp-json\/wp\/v2\/product\/15414"}],"collection":[{"href":"https:\/\/www.falgas.com\/de\/wp-json\/wp\/v2\/product"}],"about":[{"href":"https:\/\/www.falgas.com\/de\/wp-json\/wp\/v2\/types\/product"}],"replies":[{"embeddable":true,"href":"https:\/\/www.falgas.com\/de\/wp-json\/wp\/v2\/comments?post=15414"}],"wp:featuredmedia":[{"embeddable":true,"href":"https:\/\/www.falgas.com\/de\/wp-json\/wp\/v2\/media\/7720"}],"wp:attachment":[{"href":"https:\/\/www.falgas.com\/de\/wp-json\/wp\/v2\/media?parent=15414"}],"wp:term":[{"taxonomy":"product_cat","embeddable":true,"href":"https:\/\/www.falgas.com\/de\/wp-json\/wp\/v2\/product_cat?post=15414"},{"taxonomy":"product_tag","embeddable":true,"href":"https:\/\/www.falgas.com\/de\/wp-json\/wp\/v2\/product_tag?post=15414"}],"curies":[{"name":"wp","href":"https:\/\/api.w.org\/{rel}","templated":true}]}}