
{"id":15413,"date":"2024-02-28T12:56:58","date_gmt":"2024-02-29T08:24:31","guid":{"rendered":"https:\/\/www.falgas.com\/producto\/kleines-mini-auto\/"},"modified":"2024-02-29T09:24:33","modified_gmt":"2024-02-29T08:24:33","slug":"kleines-mini-auto","status":"publish","type":"product","link":"https:\/\/www.falgas.com\/de\/produkt\/kleines-mini-auto\/","title":{"rendered":"Kleines Mini Auto"},"content":{"rendered":"","protected":false},"excerpt":{"rendered":"<p>Mini Auto f\u00fcr geschlossene Bahnen.<\/p>\n<p>&#8211; Kapazit\u00e4t: 1 Benutzer.<br \/>\n&#8211; F\u00fcr Kinder geeignet.<br \/>\n&#8211; Max. Geschwindigkeit 10 km\/h \/ 6 mph.<br \/>\n&#8211; Programmierbarer Stopsensor.<br \/>\n&#8211; Standard M\u00fcnzbeh\u00e4lter 24mm (M\u00fcnzen\/Token).<br \/>\n&#8211; Abschlie\u00dfbare Schublade.<\/p>\n","protected":false},"featured_media":10023,"comment_status":"open","ping_status":"closed","template":"","meta":{"_acf_changed":false},"product_cat":[462,470],"product_tag":[],"class_list":{"0":"post-15413","1":"product","2":"type-product","3":"status-publish","4":"has-post-thumbnail","6":"product_cat-batteriefahrzeuge","7":"product_cat-mini-auto","9":"first","10":"instock","11":"product-type-simple"},"acf":[],"yoast_head":"<!-- This site is optimized with the Yoast SEO plugin v23.7 - https:\/\/yoast.com\/wordpress\/plugins\/seo\/ -->\n<title>Kleines Mini Auto | Falgas<\/title>\n<meta name=\"robots\" content=\"index, follow, max-snippet:-1, max-image-preview:large, max-video-preview:-1\" \/>\n<link rel=\"canonical\" href=\"https:\/\/www.falgas.com\/de\/produkt\/kleines-mini-auto\/\" \/>\n<meta property=\"og:locale\" content=\"de_DE\" \/>\n<meta property=\"og:type\" content=\"article\" \/>\n<meta property=\"og:title\" content=\"Kleines Mini Auto | Falgas\" \/>\n<meta property=\"og:description\" content=\"Mini Auto f\u00fcr geschlossene Bahnen. - Kapazit\u00e4t: 1 Benutzer. - F\u00fcr Kinder geeignet. - Max. Geschwindigkeit 10 km\/h \/ 6 mph. - Programmierbarer Stopsensor. - Standard M\u00fcnzbeh\u00e4lter 24mm (M\u00fcnzen\/Token). - Abschlie\u00dfbare Schublade.\" \/>\n<meta property=\"og:url\" content=\"https:\/\/www.falgas.com\/de\/produkt\/kleines-mini-auto\/\" \/>\n<meta property=\"og:site_name\" content=\"Falgas\" \/>\n<meta property=\"article:publisher\" content=\"https:\/\/www.facebook.com\/falgascomercial\/\" \/>\n<meta property=\"article:modified_time\" content=\"2024-02-29T08:24:33+00:00\" \/>\n<meta property=\"og:image\" content=\"https:\/\/www.falgas.com\/wp-content\/uploads\/2019\/05\/small_1.jpg\" \/>\n\t<meta property=\"og:image:width\" content=\"704\" \/>\n\t<meta property=\"og:image:height\" content=\"640\" \/>\n\t<meta property=\"og:image:type\" content=\"image\/jpeg\" \/>\n<meta name=\"twitter:card\" content=\"summary_large_image\" \/>\n<script type=\"application\/ld+json\" class=\"yoast-schema-graph\">{\"@context\":\"https:\/\/schema.org\",\"@graph\":[{\"@type\":\"WebPage\",\"@id\":\"https:\/\/www.falgas.com\/de\/produkt\/kleines-mini-auto\/\",\"url\":\"https:\/\/www.falgas.com\/de\/produkt\/kleines-mini-auto\/\",\"name\":\"Kleines Mini Auto | Falgas\",\"isPartOf\":{\"@id\":\"https:\/\/www.falgas.com\/de\/#website\"},\"primaryImageOfPage\":{\"@id\":\"https:\/\/www.falgas.com\/de\/produkt\/kleines-mini-auto\/#primaryimage\"},\"image\":{\"@id\":\"https:\/\/www.falgas.com\/de\/produkt\/kleines-mini-auto\/#primaryimage\"},\"thumbnailUrl\":\"https:\/\/www.falgas.com\/wp-content\/uploads\/2019\/05\/small_1.jpg\",\"datePublished\":\"2024-02-29T08:24:31+00:00\",\"dateModified\":\"2024-02-29T08:24:33+00:00\",\"breadcrumb\":{\"@id\":\"https:\/\/www.falgas.com\/de\/produkt\/kleines-mini-auto\/#breadcrumb\"},\"inLanguage\":\"de\",\"potentialAction\":[{\"@type\":\"ReadAction\",\"target\":[\"https:\/\/www.falgas.com\/de\/produkt\/kleines-mini-auto\/\"]}]},{\"@type\":\"ImageObject\",\"inLanguage\":\"de\",\"@id\":\"https:\/\/www.falgas.com\/de\/produkt\/kleines-mini-auto\/#primaryimage\",\"url\":\"https:\/\/www.falgas.com\/wp-content\/uploads\/2019\/05\/small_1.jpg\",\"contentUrl\":\"https:\/\/www.falgas.com\/wp-content\/uploads\/2019\/05\/small_1.jpg\",\"width\":704,\"height\":640},{\"@type\":\"BreadcrumbList\",\"@id\":\"https:\/\/www.falgas.com\/de\/produkt\/kleines-mini-auto\/#breadcrumb\",\"itemListElement\":[{\"@type\":\"ListItem\",\"position\":1,\"name\":\"Portada\",\"item\":\"https:\/\/www.falgas.com\/de\/\"},{\"@type\":\"ListItem\",\"position\":2,\"name\":\"Produkte\",\"item\":\"https:\/\/www.falgas.com\/de\/produkte\/\"},{\"@type\":\"ListItem\",\"position\":3,\"name\":\"Kleines Mini Auto\"}]},{\"@type\":\"WebSite\",\"@id\":\"https:\/\/www.falgas.com\/de\/#website\",\"url\":\"https:\/\/www.falgas.com\/de\/\",\"name\":\"Falgas\",\"description\":\"Falgas Amusement Rides\",\"potentialAction\":[{\"@type\":\"SearchAction\",\"target\":{\"@type\":\"EntryPoint\",\"urlTemplate\":\"https:\/\/www.falgas.com\/de\/?s={search_term_string}\"},\"query-input\":{\"@type\":\"PropertyValueSpecification\",\"valueRequired\":true,\"valueName\":\"search_term_string\"}}],\"inLanguage\":\"de\"}]}<\/script>\n<!-- \/ Yoast SEO plugin. -->","yoast_head_json":{"title":"Kleines Mini Auto | Falgas","robots":{"index":"index","follow":"follow","max-snippet":"max-snippet:-1","max-image-preview":"max-image-preview:large","max-video-preview":"max-video-preview:-1"},"canonical":"https:\/\/www.falgas.com\/de\/produkt\/kleines-mini-auto\/","og_locale":"de_DE","og_type":"article","og_title":"Kleines Mini Auto | Falgas","og_description":"Mini Auto f\u00fcr geschlossene Bahnen. - Kapazit\u00e4t: 1 Benutzer. - F\u00fcr Kinder geeignet. - Max. Geschwindigkeit 10 km\/h \/ 6 mph. - Programmierbarer Stopsensor. - Standard M\u00fcnzbeh\u00e4lter 24mm (M\u00fcnzen\/Token). - Abschlie\u00dfbare Schublade.","og_url":"https:\/\/www.falgas.com\/de\/produkt\/kleines-mini-auto\/","og_site_name":"Falgas","article_publisher":"https:\/\/www.facebook.com\/falgascomercial\/","article_modified_time":"2024-02-29T08:24:33+00:00","og_image":[{"width":704,"height":640,"url":"https:\/\/www.falgas.com\/wp-content\/uploads\/2019\/05\/small_1.jpg","type":"image\/jpeg"}],"twitter_card":"summary_large_image","schema":{"@context":"https:\/\/schema.org","@graph":[{"@type":"WebPage","@id":"https:\/\/www.falgas.com\/de\/produkt\/kleines-mini-auto\/","url":"https:\/\/www.falgas.com\/de\/produkt\/kleines-mini-auto\/","name":"Kleines Mini Auto | Falgas","isPartOf":{"@id":"https:\/\/www.falgas.com\/de\/#website"},"primaryImageOfPage":{"@id":"https:\/\/www.falgas.com\/de\/produkt\/kleines-mini-auto\/#primaryimage"},"image":{"@id":"https:\/\/www.falgas.com\/de\/produkt\/kleines-mini-auto\/#primaryimage"},"thumbnailUrl":"https:\/\/www.falgas.com\/wp-content\/uploads\/2019\/05\/small_1.jpg","datePublished":"2024-02-29T08:24:31+00:00","dateModified":"2024-02-29T08:24:33+00:00","breadcrumb":{"@id":"https:\/\/www.falgas.com\/de\/produkt\/kleines-mini-auto\/#breadcrumb"},"inLanguage":"de","potentialAction":[{"@type":"ReadAction","target":["https:\/\/www.falgas.com\/de\/produkt\/kleines-mini-auto\/"]}]},{"@type":"ImageObject","inLanguage":"de","@id":"https:\/\/www.falgas.com\/de\/produkt\/kleines-mini-auto\/#primaryimage","url":"https:\/\/www.falgas.com\/wp-content\/uploads\/2019\/05\/small_1.jpg","contentUrl":"https:\/\/www.falgas.com\/wp-content\/uploads\/2019\/05\/small_1.jpg","width":704,"height":640},{"@type":"BreadcrumbList","@id":"https:\/\/www.falgas.com\/de\/produkt\/kleines-mini-auto\/#breadcrumb","itemListElement":[{"@type":"ListItem","position":1,"name":"Portada","item":"https:\/\/www.falgas.com\/de\/"},{"@type":"ListItem","position":2,"name":"Produkte","item":"https:\/\/www.falgas.com\/de\/produkte\/"},{"@type":"ListItem","position":3,"name":"Kleines Mini Auto"}]},{"@type":"WebSite","@id":"https:\/\/www.falgas.com\/de\/#website","url":"https:\/\/www.falgas.com\/de\/","name":"Falgas","description":"Falgas Amusement Rides","potentialAction":[{"@type":"SearchAction","target":{"@type":"EntryPoint","urlTemplate":"https:\/\/www.falgas.com\/de\/?s={search_term_string}"},"query-input":{"@type":"PropertyValueSpecification","valueRequired":true,"valueName":"search_term_string"}}],"inLanguage":"de"}]}},"_links":{"self":[{"href":"https:\/\/www.falgas.com\/de\/wp-json\/wp\/v2\/product\/15413"}],"collection":[{"href":"https:\/\/www.falgas.com\/de\/wp-json\/wp\/v2\/product"}],"about":[{"href":"https:\/\/www.falgas.com\/de\/wp-json\/wp\/v2\/types\/product"}],"replies":[{"embeddable":true,"href":"https:\/\/www.falgas.com\/de\/wp-json\/wp\/v2\/comments?post=15413"}],"wp:featuredmedia":[{"embeddable":true,"href":"https:\/\/www.falgas.com\/de\/wp-json\/wp\/v2\/media\/10023"}],"wp:attachment":[{"href":"https:\/\/www.falgas.com\/de\/wp-json\/wp\/v2\/media?parent=15413"}],"wp:term":[{"taxonomy":"product_cat","embeddable":true,"href":"https:\/\/www.falgas.com\/de\/wp-json\/wp\/v2\/product_cat?post=15413"},{"taxonomy":"product_tag","embeddable":true,"href":"https:\/\/www.falgas.com\/de\/wp-json\/wp\/v2\/product_tag?post=15413"}],"curies":[{"name":"wp","href":"https:\/\/api.w.org\/{rel}","templated":true}]}}