
{"id":15372,"date":"2024-02-28T12:56:41","date_gmt":"2024-02-29T08:24:07","guid":{"rendered":"https:\/\/www.falgas.com\/producto\/karussell-fiesta\/"},"modified":"2024-09-14T12:34:28","modified_gmt":"2024-09-14T10:34:28","slug":"fantastic-circus","status":"publish","type":"product","link":"https:\/\/www.falgas.com\/de\/produkt\/fantastic-circus\/","title":{"rendered":"Fantastic Circus"},"content":{"rendered":"","protected":false},"excerpt":{"rendered":"<p><span style=\"font-weight: 400;\">Kompaktes Karussell\u00a0 zur Nutzung auch auf kleinen Fl\u00e4chen<\/span><\/p>\n<p><span style=\"font-weight: 400;\">&#8211; 3 Sitzpl\u00e4tze<\/span><\/p>\n<p><span style=\"font-weight: 400;\">&#8211; 3 Pferdefiguren.<br \/>\n<\/span><\/p>\n<p>&#8211; LED Beleuchtung.<\/p>\n<p>&#8211; Einstellbare Lautst\u00e4rke.<\/p>\n<p>&#8211; Notausschalter.<\/p>\n<p>&#8211; Leicht zu transportieren.<\/p>\n","protected":false},"featured_media":13631,"comment_status":"open","ping_status":"closed","template":"","meta":{"_acf_changed":false},"product_cat":[460,482,481],"product_tag":[507],"class_list":{"0":"post-15372","1":"product","2":"type-product","3":"status-publish","4":"has-post-thumbnail","6":"product_cat-kiddie-rides","7":"product_cat-karussells","8":"product_cat-neuheiten","9":"product_tag-fantastic-circus-de","11":"first","12":"instock","13":"product-type-simple"},"acf":[],"yoast_head":"<!-- This site is optimized with the Yoast SEO plugin v23.7 - https:\/\/yoast.com\/wordpress\/plugins\/seo\/ -->\n<title>Fantastic Circus | Falgas<\/title>\n<meta name=\"robots\" content=\"index, follow, max-snippet:-1, max-image-preview:large, max-video-preview:-1\" \/>\n<link rel=\"canonical\" href=\"https:\/\/www.falgas.com\/de\/produkt\/fantastic-circus\/\" \/>\n<meta property=\"og:locale\" content=\"de_DE\" \/>\n<meta property=\"og:type\" content=\"article\" \/>\n<meta property=\"og:title\" content=\"Fantastic Circus | Falgas\" \/>\n<meta property=\"og:description\" content=\"Kompaktes Karussell\u00a0 zur Nutzung auch auf kleinen Fl\u00e4chen  - 3 Sitzpl\u00e4tze  - 3 Pferdefiguren.   - LED Beleuchtung.  - Einstellbare Lautst\u00e4rke.  - Notausschalter.  - Leicht zu transportieren.\" \/>\n<meta property=\"og:url\" content=\"https:\/\/www.falgas.com\/de\/produkt\/fantastic-circus\/\" \/>\n<meta property=\"og:site_name\" content=\"Falgas\" \/>\n<meta property=\"article:publisher\" content=\"https:\/\/www.facebook.com\/falgascomercial\/\" \/>\n<meta property=\"article:modified_time\" content=\"2024-09-14T10:34:28+00:00\" \/>\n<meta property=\"og:image\" content=\"https:\/\/www.falgas.com\/wp-content\/uploads\/2023\/10\/fantastic-2.jpg\" \/>\n\t<meta property=\"og:image:width\" content=\"600\" \/>\n\t<meta property=\"og:image:height\" content=\"600\" \/>\n\t<meta property=\"og:image:type\" content=\"image\/jpeg\" \/>\n<meta name=\"twitter:card\" content=\"summary_large_image\" \/>\n<script type=\"application\/ld+json\" class=\"yoast-schema-graph\">{\"@context\":\"https:\/\/schema.org\",\"@graph\":[{\"@type\":\"WebPage\",\"@id\":\"https:\/\/www.falgas.com\/de\/produkt\/fantastic-circus\/\",\"url\":\"https:\/\/www.falgas.com\/de\/produkt\/fantastic-circus\/\",\"name\":\"Fantastic Circus | Falgas\",\"isPartOf\":{\"@id\":\"https:\/\/www.falgas.com\/de\/#website\"},\"primaryImageOfPage\":{\"@id\":\"https:\/\/www.falgas.com\/de\/produkt\/fantastic-circus\/#primaryimage\"},\"image\":{\"@id\":\"https:\/\/www.falgas.com\/de\/produkt\/fantastic-circus\/#primaryimage\"},\"thumbnailUrl\":\"https:\/\/www.falgas.com\/wp-content\/uploads\/2023\/10\/fantastic-2.jpg\",\"datePublished\":\"2024-02-29T08:24:07+00:00\",\"dateModified\":\"2024-09-14T10:34:28+00:00\",\"breadcrumb\":{\"@id\":\"https:\/\/www.falgas.com\/de\/produkt\/fantastic-circus\/#breadcrumb\"},\"inLanguage\":\"de\",\"potentialAction\":[{\"@type\":\"ReadAction\",\"target\":[\"https:\/\/www.falgas.com\/de\/produkt\/fantastic-circus\/\"]}]},{\"@type\":\"ImageObject\",\"inLanguage\":\"de\",\"@id\":\"https:\/\/www.falgas.com\/de\/produkt\/fantastic-circus\/#primaryimage\",\"url\":\"https:\/\/www.falgas.com\/wp-content\/uploads\/2023\/10\/fantastic-2.jpg\",\"contentUrl\":\"https:\/\/www.falgas.com\/wp-content\/uploads\/2023\/10\/fantastic-2.jpg\",\"width\":600,\"height\":600},{\"@type\":\"BreadcrumbList\",\"@id\":\"https:\/\/www.falgas.com\/de\/produkt\/fantastic-circus\/#breadcrumb\",\"itemListElement\":[{\"@type\":\"ListItem\",\"position\":1,\"name\":\"Portada\",\"item\":\"https:\/\/www.falgas.com\/de\/\"},{\"@type\":\"ListItem\",\"position\":2,\"name\":\"Produkte\",\"item\":\"https:\/\/www.falgas.com\/de\/produkte\/\"},{\"@type\":\"ListItem\",\"position\":3,\"name\":\"Fantastic Circus\"}]},{\"@type\":\"WebSite\",\"@id\":\"https:\/\/www.falgas.com\/de\/#website\",\"url\":\"https:\/\/www.falgas.com\/de\/\",\"name\":\"Falgas\",\"description\":\"Falgas Amusement Rides\",\"potentialAction\":[{\"@type\":\"SearchAction\",\"target\":{\"@type\":\"EntryPoint\",\"urlTemplate\":\"https:\/\/www.falgas.com\/de\/?s={search_term_string}\"},\"query-input\":{\"@type\":\"PropertyValueSpecification\",\"valueRequired\":true,\"valueName\":\"search_term_string\"}}],\"inLanguage\":\"de\"}]}<\/script>\n<!-- \/ Yoast SEO plugin. -->","yoast_head_json":{"title":"Fantastic Circus | Falgas","robots":{"index":"index","follow":"follow","max-snippet":"max-snippet:-1","max-image-preview":"max-image-preview:large","max-video-preview":"max-video-preview:-1"},"canonical":"https:\/\/www.falgas.com\/de\/produkt\/fantastic-circus\/","og_locale":"de_DE","og_type":"article","og_title":"Fantastic Circus | Falgas","og_description":"Kompaktes Karussell\u00a0 zur Nutzung auch auf kleinen Fl\u00e4chen  - 3 Sitzpl\u00e4tze  - 3 Pferdefiguren.   - LED Beleuchtung.  - Einstellbare Lautst\u00e4rke.  - Notausschalter.  - Leicht zu transportieren.","og_url":"https:\/\/www.falgas.com\/de\/produkt\/fantastic-circus\/","og_site_name":"Falgas","article_publisher":"https:\/\/www.facebook.com\/falgascomercial\/","article_modified_time":"2024-09-14T10:34:28+00:00","og_image":[{"width":600,"height":600,"url":"https:\/\/www.falgas.com\/wp-content\/uploads\/2023\/10\/fantastic-2.jpg","type":"image\/jpeg"}],"twitter_card":"summary_large_image","schema":{"@context":"https:\/\/schema.org","@graph":[{"@type":"WebPage","@id":"https:\/\/www.falgas.com\/de\/produkt\/fantastic-circus\/","url":"https:\/\/www.falgas.com\/de\/produkt\/fantastic-circus\/","name":"Fantastic Circus | Falgas","isPartOf":{"@id":"https:\/\/www.falgas.com\/de\/#website"},"primaryImageOfPage":{"@id":"https:\/\/www.falgas.com\/de\/produkt\/fantastic-circus\/#primaryimage"},"image":{"@id":"https:\/\/www.falgas.com\/de\/produkt\/fantastic-circus\/#primaryimage"},"thumbnailUrl":"https:\/\/www.falgas.com\/wp-content\/uploads\/2023\/10\/fantastic-2.jpg","datePublished":"2024-02-29T08:24:07+00:00","dateModified":"2024-09-14T10:34:28+00:00","breadcrumb":{"@id":"https:\/\/www.falgas.com\/de\/produkt\/fantastic-circus\/#breadcrumb"},"inLanguage":"de","potentialAction":[{"@type":"ReadAction","target":["https:\/\/www.falgas.com\/de\/produkt\/fantastic-circus\/"]}]},{"@type":"ImageObject","inLanguage":"de","@id":"https:\/\/www.falgas.com\/de\/produkt\/fantastic-circus\/#primaryimage","url":"https:\/\/www.falgas.com\/wp-content\/uploads\/2023\/10\/fantastic-2.jpg","contentUrl":"https:\/\/www.falgas.com\/wp-content\/uploads\/2023\/10\/fantastic-2.jpg","width":600,"height":600},{"@type":"BreadcrumbList","@id":"https:\/\/www.falgas.com\/de\/produkt\/fantastic-circus\/#breadcrumb","itemListElement":[{"@type":"ListItem","position":1,"name":"Portada","item":"https:\/\/www.falgas.com\/de\/"},{"@type":"ListItem","position":2,"name":"Produkte","item":"https:\/\/www.falgas.com\/de\/produkte\/"},{"@type":"ListItem","position":3,"name":"Fantastic Circus"}]},{"@type":"WebSite","@id":"https:\/\/www.falgas.com\/de\/#website","url":"https:\/\/www.falgas.com\/de\/","name":"Falgas","description":"Falgas Amusement Rides","potentialAction":[{"@type":"SearchAction","target":{"@type":"EntryPoint","urlTemplate":"https:\/\/www.falgas.com\/de\/?s={search_term_string}"},"query-input":{"@type":"PropertyValueSpecification","valueRequired":true,"valueName":"search_term_string"}}],"inLanguage":"de"}]}},"_links":{"self":[{"href":"https:\/\/www.falgas.com\/de\/wp-json\/wp\/v2\/product\/15372"}],"collection":[{"href":"https:\/\/www.falgas.com\/de\/wp-json\/wp\/v2\/product"}],"about":[{"href":"https:\/\/www.falgas.com\/de\/wp-json\/wp\/v2\/types\/product"}],"replies":[{"embeddable":true,"href":"https:\/\/www.falgas.com\/de\/wp-json\/wp\/v2\/comments?post=15372"}],"wp:featuredmedia":[{"embeddable":true,"href":"https:\/\/www.falgas.com\/de\/wp-json\/wp\/v2\/media\/13631"}],"wp:attachment":[{"href":"https:\/\/www.falgas.com\/de\/wp-json\/wp\/v2\/media?parent=15372"}],"wp:term":[{"taxonomy":"product_cat","embeddable":true,"href":"https:\/\/www.falgas.com\/de\/wp-json\/wp\/v2\/product_cat?post=15372"},{"taxonomy":"product_tag","embeddable":true,"href":"https:\/\/www.falgas.com\/de\/wp-json\/wp\/v2\/product_tag?post=15372"}],"curies":[{"name":"wp","href":"https:\/\/api.w.org\/{rel}","templated":true}]}}