
{"id":12624,"date":"2019-02-28T13:12:40","date_gmt":"2019-02-28T12:12:40","guid":{"rendered":"https:\/\/www.falgas.com\/inicio\/"},"modified":"2026-01-17T08:26:56","modified_gmt":"2026-01-17T07:26:56","slug":"inicio","status":"publish","type":"page","link":"https:\/\/www.falgas.com\/de\/","title":{"rendered":"Inicio DE"},"content":{"rendered":"","protected":false},"excerpt":{"rendered":"","protected":false},"author":1,"featured_media":0,"parent":0,"menu_order":0,"comment_status":"closed","ping_status":"closed","template":"page-inicio.php","meta":{"_acf_changed":false,"footnotes":""},"class_list":["post-12624","page","type-page","status-publish","hentry"],"acf":[],"yoast_head":"<!-- This site is optimized with the Yoast SEO plugin v23.7 - https:\/\/yoast.com\/wordpress\/plugins\/seo\/ -->\n<title>Falgas | Hersteller und Vertreiber von Kinderfahrgesch\u00e4ften<\/title>\n<meta name=\"description\" content=\"Falgas, Hersteller, Verk\u00e4ufer und Vertreiber von Fahrgesch\u00e4ften, Attraktionen und vielem mehr f\u00fcr Messen, Parks und Einrichtungen.\" \/>\n<meta name=\"robots\" content=\"index, follow, max-snippet:-1, max-image-preview:large, max-video-preview:-1\" \/>\n<link rel=\"canonical\" href=\"https:\/\/www.falgas.com\/de\/\" \/>\n<meta property=\"og:locale\" content=\"de_DE\" \/>\n<meta property=\"og:type\" content=\"article\" \/>\n<meta property=\"og:title\" content=\"Falgas | Hersteller und Vertreiber von Kinderfahrgesch\u00e4ften\" \/>\n<meta property=\"og:description\" content=\"Falgas, Hersteller, Verk\u00e4ufer und Vertreiber von Fahrgesch\u00e4ften, Attraktionen und vielem mehr f\u00fcr Messen, Parks und Einrichtungen.\" \/>\n<meta property=\"og:url\" content=\"https:\/\/www.falgas.com\/de\/\" \/>\n<meta property=\"og:site_name\" content=\"Falgas\" \/>\n<meta property=\"article:publisher\" content=\"https:\/\/www.facebook.com\/falgascomercial\/\" \/>\n<meta property=\"article:modified_time\" content=\"2026-01-17T07:26:56+00:00\" \/>\n<meta name=\"twitter:card\" content=\"summary_large_image\" \/>\n<script type=\"application\/ld+json\" class=\"yoast-schema-graph\">{\"@context\":\"https:\/\/schema.org\",\"@graph\":[{\"@type\":\"WebPage\",\"@id\":\"https:\/\/www.falgas.com\/de\/\",\"url\":\"https:\/\/www.falgas.com\/de\/\",\"name\":\"Falgas | Hersteller und Vertreiber von Kinderfahrgesch\u00e4ften\",\"isPartOf\":{\"@id\":\"https:\/\/www.falgas.com\/de\/#website\"},\"datePublished\":\"2019-02-28T12:12:40+00:00\",\"dateModified\":\"2026-01-17T07:26:56+00:00\",\"description\":\"Falgas, Hersteller, Verk\u00e4ufer und Vertreiber von Fahrgesch\u00e4ften, Attraktionen und vielem mehr f\u00fcr Messen, Parks und Einrichtungen.\",\"breadcrumb\":{\"@id\":\"https:\/\/www.falgas.com\/de\/#breadcrumb\"},\"inLanguage\":\"de\",\"potentialAction\":[{\"@type\":\"ReadAction\",\"target\":[\"https:\/\/www.falgas.com\/de\/\"]}]},{\"@type\":\"BreadcrumbList\",\"@id\":\"https:\/\/www.falgas.com\/de\/#breadcrumb\",\"itemListElement\":[{\"@type\":\"ListItem\",\"position\":1,\"name\":\"Portada\",\"item\":\"https:\/\/www.falgas.com\/de\/\"},{\"@type\":\"ListItem\",\"position\":2,\"name\":\"Inicio DE\"}]},{\"@type\":\"WebSite\",\"@id\":\"https:\/\/www.falgas.com\/de\/#website\",\"url\":\"https:\/\/www.falgas.com\/de\/\",\"name\":\"Falgas\",\"description\":\"Falgas Amusement Rides\",\"potentialAction\":[{\"@type\":\"SearchAction\",\"target\":{\"@type\":\"EntryPoint\",\"urlTemplate\":\"https:\/\/www.falgas.com\/de\/?s={search_term_string}\"},\"query-input\":{\"@type\":\"PropertyValueSpecification\",\"valueRequired\":true,\"valueName\":\"search_term_string\"}}],\"inLanguage\":\"de\"}]}<\/script>\n<!-- \/ Yoast SEO plugin. -->","yoast_head_json":{"title":"Falgas | Hersteller und Vertreiber von Kinderfahrgesch\u00e4ften","description":"Falgas, Hersteller, Verk\u00e4ufer und Vertreiber von Fahrgesch\u00e4ften, Attraktionen und vielem mehr f\u00fcr Messen, Parks und Einrichtungen.","robots":{"index":"index","follow":"follow","max-snippet":"max-snippet:-1","max-image-preview":"max-image-preview:large","max-video-preview":"max-video-preview:-1"},"canonical":"https:\/\/www.falgas.com\/de\/","og_locale":"de_DE","og_type":"article","og_title":"Falgas | Hersteller und Vertreiber von Kinderfahrgesch\u00e4ften","og_description":"Falgas, Hersteller, Verk\u00e4ufer und Vertreiber von Fahrgesch\u00e4ften, Attraktionen und vielem mehr f\u00fcr Messen, Parks und Einrichtungen.","og_url":"https:\/\/www.falgas.com\/de\/","og_site_name":"Falgas","article_publisher":"https:\/\/www.facebook.com\/falgascomercial\/","article_modified_time":"2026-01-17T07:26:56+00:00","twitter_card":"summary_large_image","schema":{"@context":"https:\/\/schema.org","@graph":[{"@type":"WebPage","@id":"https:\/\/www.falgas.com\/de\/","url":"https:\/\/www.falgas.com\/de\/","name":"Falgas | Hersteller und Vertreiber von Kinderfahrgesch\u00e4ften","isPartOf":{"@id":"https:\/\/www.falgas.com\/de\/#website"},"datePublished":"2019-02-28T12:12:40+00:00","dateModified":"2026-01-17T07:26:56+00:00","description":"Falgas, Hersteller, Verk\u00e4ufer und Vertreiber von Fahrgesch\u00e4ften, Attraktionen und vielem mehr f\u00fcr Messen, Parks und Einrichtungen.","breadcrumb":{"@id":"https:\/\/www.falgas.com\/de\/#breadcrumb"},"inLanguage":"de","potentialAction":[{"@type":"ReadAction","target":["https:\/\/www.falgas.com\/de\/"]}]},{"@type":"BreadcrumbList","@id":"https:\/\/www.falgas.com\/de\/#breadcrumb","itemListElement":[{"@type":"ListItem","position":1,"name":"Portada","item":"https:\/\/www.falgas.com\/de\/"},{"@type":"ListItem","position":2,"name":"Inicio DE"}]},{"@type":"WebSite","@id":"https:\/\/www.falgas.com\/de\/#website","url":"https:\/\/www.falgas.com\/de\/","name":"Falgas","description":"Falgas Amusement Rides","potentialAction":[{"@type":"SearchAction","target":{"@type":"EntryPoint","urlTemplate":"https:\/\/www.falgas.com\/de\/?s={search_term_string}"},"query-input":{"@type":"PropertyValueSpecification","valueRequired":true,"valueName":"search_term_string"}}],"inLanguage":"de"}]}},"_links":{"self":[{"href":"https:\/\/www.falgas.com\/de\/wp-json\/wp\/v2\/pages\/12624"}],"collection":[{"href":"https:\/\/www.falgas.com\/de\/wp-json\/wp\/v2\/pages"}],"about":[{"href":"https:\/\/www.falgas.com\/de\/wp-json\/wp\/v2\/types\/page"}],"author":[{"embeddable":true,"href":"https:\/\/www.falgas.com\/de\/wp-json\/wp\/v2\/users\/1"}],"replies":[{"embeddable":true,"href":"https:\/\/www.falgas.com\/de\/wp-json\/wp\/v2\/comments?post=12624"}],"version-history":[{"count":12,"href":"https:\/\/www.falgas.com\/de\/wp-json\/wp\/v2\/pages\/12624\/revisions"}],"predecessor-version":[{"id":15922,"href":"https:\/\/www.falgas.com\/de\/wp-json\/wp\/v2\/pages\/12624\/revisions\/15922"}],"wp:attachment":[{"href":"https:\/\/www.falgas.com\/de\/wp-json\/wp\/v2\/media?parent=12624"}],"curies":[{"name":"wp","href":"https:\/\/api.w.org\/{rel}","templated":true}]}}